{"id":32,"date":"2026-05-09T19:27:05","date_gmt":"2026-05-09T19:27:05","guid":{"rendered":"https:\/\/jun88vi.io\/index.php\/dai-su-thuong-hieu-doc-quyen\/"},"modified":"2026-05-09T19:52:47","modified_gmt":"2026-05-09T19:52:47","slug":"dai-su-thuong-hieu-doc-quyen","status":"publish","type":"page","link":"https:\/\/jun88vi.io\/index.php\/dai-su-thuong-hieu-doc-quyen\/","title":{"rendered":"\u0110\u1ea1i s\u1ee9 th\u01b0\u01a1ng hi\u1ec7u \u0111\u1ed9c quy\u1ec1n"},"content":{"rendered":"<h1>\u0110\u1ea1i s\u1ee9 th\u01b0\u01a1ng hi\u1ec7u Jun88 \u2013 Uy t\u00edn, chuy\u00ean nghi\u1ec7p v\u00e0 \u0111\u1eb3ng c\u1ea5p<\/h1>\n<p>Khi m\u1ed9t th\u01b0\u01a1ng hi\u1ec7u c\u00e1 c\u01b0\u1ee3c s\u1edf h\u1eefu \u0111\u1ea1i s\u1ee9 th\u01b0\u01a1ng hi\u1ec7u <a href=\"https:\/\/jun88vi.io\">Jun88<\/a> uy t\u00edn, \u0111\u00f3 l\u00e0 d\u1ea5u hi\u1ec7u cho th\u1ea5y h\u1ecd \u0111\u1eb7t ch\u1ea5t l\u01b0\u1ee3ng v\u00e0 tr\u1ea3i nghi\u1ec7m kh\u00e1ch h\u00e0ng l\u00ean h\u00e0ng \u0111\u1ea7u. Jun88 kh\u00f4ng ng\u1eebng kh\u1eb3ng \u0111\u1ecbnh v\u1ecb th\u1ebf qua danh m\u1ee5c s\u1ea3n ph\u1ea9m \u0111a d\u1ea1ng, d\u1ecbch v\u1ee5 ch\u0103m s\u00f3c chuy\u00ean nghi\u1ec7p v\u00e0 c\u00e1c ch\u00ednh s\u00e1ch b\u1ea3o m\u1eadt, ho\u00e0n tr\u1ea3 \u0111\u1ea7y h\u1ea5p d\u1eabn. H\u00e3y c\u00f9ng t\u00ecm hi\u1ec3u l\u00fd do v\u00ec sao nh\u00e0 c\u00e1i n\u00e0y \u0111ang \u0111\u01b0\u1ee3c \u0111\u00f4ng \u0111\u1ea3o ng\u01b0\u1eddi ch\u01a1i Vi\u1ec7t Nam tin t\u01b0\u1edfng.<\/p>\n<figure class=\"article-image\" style=\"text-align:center;margin:20px auto\">\n<img decoding=\"async\" src=\"https:\/\/jun88vi.io\/wp-content\/uploads\/2026\/05\/gioi-thieu-nha-cai-jun88-voi-dai-su-thuo-dai-su-thuong-hieu-doc-quyen.webp\" alt=\"Gi\u1edbi thi\u1ec7u nh\u00e0 c\u00e1i Jun88 v\u1edbi \u0111\u1ea1i s\u1ee9 th\u01b0\u01a1ng hi\u1ec7u v\u00e0 c\u00e1c s\u1ea3n ph\u1ea9m c\u00e1 c\u01b0\u1ee3c\" title=\"gioi-thieu-nha-cai-jun88-voi-dai-su-thuong-hieu-va-cac-san-pham-ca-cuoc\" loading=\"lazy\" style=\"display:block;margin-left:auto;margin-right:auto;max-width:100%;height:auto\"><figcaption style=\"text-align:center\">Gi\u1edbi thi\u1ec7u nh\u00e0 c\u00e1i Jun88 v\u1edbi \u0111\u1ea1i s\u1ee9 th\u01b0\u01a1ng hi\u1ec7u v\u00e0 c\u00e1c s\u1ea3n ph\u1ea9m c\u00e1 c\u01b0\u1ee3c<\/figcaption><\/figure>\n<p>Jun88 \u2013 Nh\u00e0 c\u00e1i c\u00e1 c\u01b0\u1ee3c tr\u1ef1c tuy\u1ebfn uy t\u00edn v\u1edbi \u0111\u1ea1i s\u1ee9 th\u01b0\u01a1ng hi\u1ec7u \u0111\u1eb3ng c\u1ea5p<\/p>\n<h2>Gi\u1edbi thi\u1ec7u Jun88 l\u00e0 ai?<\/h2>\n<p>Jun88 l\u00e0 m\u1ed9t nh\u00e0 c\u00e1i c\u00e1 c\u01b0\u1ee3c tr\u1ef1c tuy\u1ebfn \u0111\u00e3 kh\u1eb3ng \u0111\u1ecbnh \u0111\u01b0\u1ee3c v\u1ecb th\u1ebf tr\u00ean th\u1ecb tr\u01b0\u1eddng Vi\u1ec7t Nam. V\u1edbi s\u1ef1 h\u1ee3p t\u00e1c c\u00f9ng \u0111\u1ea1i s\u1ee9 th\u01b0\u01a1ng hi\u1ec7u Jun88 n\u1ed5i ti\u1ebfng, th\u01b0\u01a1ng hi\u1ec7u Jun88 mang \u0111\u1ebfn m\u1ed9t l\u00e0n gi\u00f3 m\u1edbi cho ng\u00e0nh gi\u1ea3i tr\u00ed tr\u1ef1c tuy\u1ebfn. Nh\u00e0 c\u00e1i cung c\u1ea5p \u0111a d\u1ea1ng s\u1ea3n ph\u1ea9m c\u00e1 c\u01b0\u1ee3c th\u1ec3 thao, casino tr\u1ef1c tuy\u1ebfn, slot game v\u00e0 nhi\u1ec1u tr\u00f2 ch\u01a1i h\u1ea5p d\u1eabn kh\u00e1c.<\/p>\n<p>S\u1ef1 xu\u1ea5t hi\u1ec7n c\u1ee7a Jun88 kh\u00f4ng ch\u1ec9 l\u00e0 m\u1ed9t \u0111i\u1ec3m \u0111\u1ebfn gi\u1ea3i tr\u00ed m\u00e0 c\u00f2n l\u00e0 bi\u1ec3u t\u01b0\u1ee3ng c\u1ee7a s\u1ef1 uy t\u00edn v\u00e0 chuy\u00ean nghi\u1ec7p. D\u01b0\u1edbi \u0111\u00e2y l\u00e0 nh\u1eefng \u0111i\u1ec3m n\u1ed5i b\u1eadt gi\u00fap Jun88 chinh ph\u1ee5c ng\u01b0\u1eddi ch\u01a1i:<\/p>\n<ol>\n<li>Uy t\u00edn v\u00e0 minh b\u1ea1ch: \u0110\u01b0\u1ee3c c\u1ea5p ph\u00e9p ho\u1ea1t \u0111\u1ed9ng h\u1ee3p ph\u00e1p, m\u1ecdi giao d\u1ecbch \u0111\u1ec1u c\u00f4ng khai, r\u00f5 r\u00e0ng.<\/li>\n<li>\u0110\u1ea1i s\u1ee9 th\u01b0\u01a1ng hi\u1ec7u \u0111\u1eb3ng c\u1ea5p: S\u1ef1 g\u00f3p m\u1eb7t c\u1ee7a nh\u1eefng g\u01b0\u01a1ng m\u1eb7t danh ti\u1ebfng kh\u1eb3ng \u0111\u1ecbnh ch\u1ea5t l\u01b0\u1ee3ng d\u1ecbch v\u1ee5.<\/li>\n<li>S\u1ea3n ph\u1ea9m \u0111a d\u1ea1ng: T\u1eeb c\u00e1 c\u01b0\u1ee3c th\u1ec3 thao \u0111\u1ebfn casino tr\u1ef1c tuy\u1ebfn, \u0111\u00e1p \u1ee9ng m\u1ecdi s\u1edf th\u00edch.<\/li>\n<\/ol>\n<h2>S\u1ea3n ph\u1ea9m n\u1ed5i b\u1eadt c\u1ee7a Jun88<\/h2>\n<figure class=\"article-image\" style=\"text-align:center;margin:20px auto\">\n<img decoding=\"async\" src=\"https:\/\/jun88vi.io\/wp-content\/uploads\/2026\/05\/gioi-thieu-nha-cai-jun88-voi-dai-su-thuo-dai-su-thuong-hieu-doc-quyen-1.webp\" alt=\"Gi\u1edbi thi\u1ec7u nh\u00e0 c\u00e1i Jun88 v\u1edbi \u0111\u1ea1i s\u1ee9 th\u01b0\u01a1ng hi\u1ec7u v\u00e0 c\u00e1c s\u1ea3n ph\u1ea9m c\u00e1 c\u01b0\u1ee3c\" title=\"gioi-thieu-nha-cai-jun88-voi-dai-su-thuong-hieu-va-cac-san-pham-ca-cuoc\" loading=\"lazy\" style=\"display:block;margin-left:auto;margin-right:auto;max-width:100%;height:auto\"><figcaption style=\"text-align:center\">Gi\u1edbi thi\u1ec7u nh\u00e0 c\u00e1i Jun88 v\u1edbi \u0111\u1ea1i s\u1ee9 th\u01b0\u01a1ng hi\u1ec7u v\u00e0 c\u00e1c s\u1ea3n ph\u1ea9m c\u00e1 c\u01b0\u1ee3c<\/figcaption><\/figure>\n<p>Jun88 \u2013 Nh\u00e0 c\u00e1i c\u00e1 c\u01b0\u1ee3c tr\u1ef1c tuy\u1ebfn uy t\u00edn v\u1edbi \u0111\u1ea1i s\u1ee9 th\u01b0\u01a1ng hi\u1ec7u \u0111\u1eb3ng c\u1ea5p<\/p>\n<p>Jun88 kh\u00f4ng ch\u1ec9 g\u00e2y \u1ea5n t\u01b0\u1ee3ng v\u1edbi \u0111\u1ea1i s\u1ee9 th\u01b0\u01a1ng hi\u1ec7u m\u00e0 c\u00f2n b\u1edfi h\u1ec7 th\u1ed1ng s\u1ea3n ph\u1ea9m gi\u1ea3i tr\u00ed \u0111a d\u1ea1ng, \u0111\u00e1p \u1ee9ng m\u1ecdi s\u1edf th\u00edch c\u1ee7a ng\u01b0\u1eddi ch\u01a1i. D\u01b0\u1edbi \u0111\u00e2y l\u00e0 nh\u1eefng s\u1ea3n ph\u1ea9m n\u1ed5i b\u1eadt t\u1ea1i nh\u00e0 c\u00e1i n\u00e0y:<\/p>\n<ol>\n<li>C\u00e1 c\u01b0\u1ee3c th\u1ec3 thao \u2013 T\u1ef7 l\u1ec7 c\u01b0\u1ee3c c\u1ea1nh tranh, ph\u1ee7 s\u00f3ng h\u00e0ng tr\u0103m gi\u1ea3i \u0111\u1ea5u t\u1eeb b\u00f3ng \u0111\u00e1, tennis \u0111\u1ebfn eSports.<\/li>\n<li>Casino tr\u1ef1c tuy\u1ebfn \u2013 S\u1ea3nh b\u00e0i v\u1edbi dealer xinh \u0111\u1eb9p, mang \u0111\u1ebfn tr\u1ea3i nghi\u1ec7m ch\u00e2n th\u1ef1c nh\u01b0 s\u00f2ng b\u1ea1c Las Vegas.<\/li>\n<li>Game slot \u2013 H\u00e0ng ngh\u00ecn t\u1ef1a game t\u1eeb c\u00e1c nh\u00e0 cung c\u1ea5p h\u00e0ng \u0111\u1ea7u, \u0111\u1ed3 h\u1ecda s\u1eafc n\u00e9t, t\u1ef7 l\u1ec7 tr\u1ea3 th\u01b0\u1edfng h\u1ea5p d\u1eabn.<\/li>\n<li>X\u1ed5 s\u1ed1, b\u1eafn c\u00e1, \u0111\u00e1 g\u00e0 \u2013 C\u00e1c tr\u00f2 ch\u01a1i truy\u1ec1n th\u1ed1ng \u0111\u01b0\u1ee3c n\u00e2ng c\u1ea5p, ph\u00f9 h\u1ee3p v\u1edbi m\u1ecdi \u0111\u1ed1i t\u01b0\u1ee3ng ng\u01b0\u1eddi ch\u01a1i.<\/li>\n<\/ol>\n<p>V\u1edbi s\u1ef1 \u0111\u1ea7u t\u01b0 b\u00e0i b\u1ea3n, th\u01b0\u01a1ng hi\u1ec7u Jun88 kh\u1eb3ng \u0111\u1ecbnh v\u1ecb th\u1ebf l\u00e0 \u0111i\u1ec3m \u0111\u1ebfn gi\u1ea3i tr\u00ed tr\u1ef1c tuy\u1ebfn h\u00e0ng \u0111\u1ea7u.<\/p>\n<h2>L\u1ee3i \u00edch khi ch\u01a1i t\u1ea1i Jun88<\/h2>\n<p>Khi tham gia Jun88, ng\u01b0\u1eddi ch\u01a1i kh\u00f4ng ch\u1ec9 \u0111\u01b0\u1ee3c tr\u1ea3i nghi\u1ec7m m\u1ed9t s\u00e2n ch\u01a1i \u0111\u1eb3ng c\u1ea5p m\u00e0 c\u00f2n nh\u1eadn v\u1ec1 v\u00f4 s\u1ed1 quy\u1ec1n l\u1ee3i thi\u1ebft th\u1ef1c. T\u1eeb giao di\u1ec7n m\u01b0\u1ee3t m\u00e0 \u0111\u1ebfn c\u00e1c ch\u01b0\u01a1ng tr\u00ecnh \u01b0u \u0111\u00e3i h\u1ea5p d\u1eabn, m\u1ecdi th\u1ee9 \u0111\u1ec1u \u0111\u01b0\u1ee3c thi\u1ebft k\u1ebf \u0111\u1ec3 mang l\u1ea1i s\u1ef1 h\u00e0i l\u00f2ng t\u1ed1i \u0111a.<\/p>\n<p>\u0110\u1eb7c bi\u1ec7t, s\u1ef1 g\u00f3p m\u1eb7t c\u1ee7a \u0111\u1ea1i s\u1ee9 \u0111\u1ed9c quy\u1ec1n Jun88 c\u00e0ng kh\u1eb3ng \u0111\u1ecbnh cam k\u1ebft v\u1ec1 ch\u1ea5t l\u01b0\u1ee3ng v\u00e0 uy t\u00edn c\u1ee7a nh\u00e0 c\u00e1i. D\u01b0\u1edbi \u0111\u00e2y l\u00e0 nh\u1eefng l\u1ee3i \u00edch n\u1ed5i b\u1eadt m\u00e0 b\u1ea1n s\u1ebd nh\u1eadn \u0111\u01b0\u1ee3c:<\/p>\n<p>a. Giao di\u1ec7n th\u00e2n thi\u1ec7n, d\u1ec5 s\u1eed d\u1ee5ng: Trang ch\u1ee7 \u0111\u01b0\u1ee3c b\u1ed1 tr\u00ed khoa h\u1ecdc, gi\u00fap ng\u01b0\u1eddi m\u1edbi c\u0169ng d\u1ec5 d\u00e0ng thao t\u00e1c.<\/p>\n<p>b. N\u1ea1p\/r\u00fat nhanh ch\u00f3ng, \u0111a d\u1ea1ng ph\u01b0\u01a1ng th\u1ee9c: H\u1ed7 tr\u1ee3 nhi\u1ec1u k\u00eanh giao d\u1ecbch, x\u1eed l\u00fd ch\u1ec9 trong th\u1eddi gian x\u1eed l\u00fd t\u00f9y theo t\u1eebng giao d\u1ecbch.<\/p>\n<p>c. Khuy\u1ebfn m\u00e3i h\u1ea5p d\u1eabn: Ho\u00e0n tr\u1ea3 l\u00ean \u0111\u1ebfn 20%, th\u01b0\u1edfng ch\u00e0o m\u1eebng c\u1ef1c kh\u1ee7ng v\u00e0 nhi\u1ec1u \u01b0u \u0111\u00e3i \u0111\u1ecbnh k\u1ef3.<\/p>\n<p>d. H\u1ed7 tr\u1ee3 kh\u00e1ch h\u00e0ng trong khung gi\u1edd h\u1ed7 tr\u1ee3 \u0111\u01b0\u1ee3c c\u00f4ng b\u1ed1: \u0110\u1ed9i ng\u0169 ch\u0103m s\u00f3c chuy\u00ean nghi\u1ec7p, s\u1eb5n s\u00e0ng gi\u1ea3i \u0111\u00e1p m\u1ecdi th\u1eafc m\u1eafc b\u1ea5t k\u1ec3 ng\u00e0y \u0111\u00eam.<\/p>\n<p>T\u1ea5t c\u1ea3 nh\u1eefng y\u1ebfu t\u1ed1 n\u00e0y t\u1ea1o n\u00ean m\u1ed9t m\u00f4i tr\u01b0\u1eddng c\u00e1 c\u01b0\u1ee3c tr\u1ef1c tuy\u1ebfn \u0111\u00e1ng tin c\u1eady, n\u01a1i ng\u01b0\u1eddi ch\u01a1i c\u00f3 th\u1ec3 ho\u00e0n to\u00e0n y\u00ean t\u00e2m t\u1eadn h\u01b0\u1edfng ni\u1ec1m vui.<\/p>\n<h2>Ch\u0103m s\u00f3c kh\u00e1ch h\u00e0ng t\u1ea1i Jun88<\/h2>\n<figure class=\"article-image\" style=\"text-align:center;margin:20px auto\">\n<img decoding=\"async\" src=\"https:\/\/jun88vi.io\/wp-content\/uploads\/2026\/05\/cac-san-pham-noi-bat-cua-jun88-the-thao-dai-su-thuong-hieu-doc-quyen.webp\" alt=\"C\u00e1c s\u1ea3n ph\u1ea9m n\u1ed5i b\u1eadt c\u1ee7a Jun88: th\u1ec3 thao, casino, slot, x\u1ed5 s\u1ed1\" title=\"cac-san-pham-noi-bat-cua-jun88-the-thao-casino-slot-xo-so\" loading=\"lazy\" style=\"display:block;margin-left:auto;margin-right:auto;max-width:100%;height:auto\"><figcaption style=\"text-align:center\">C\u00e1c s\u1ea3n ph\u1ea9m n\u1ed5i b\u1eadt c\u1ee7a Jun88: th\u1ec3 thao, casino, slot, x\u1ed5 s\u1ed1<\/figcaption><\/figure>\n<p>H\u1ec7 th\u1ed1ng s\u1ea3n ph\u1ea9m gi\u1ea3i tr\u00ed \u0111a d\u1ea1ng t\u1ea1i Jun88<\/p>\n<p>M\u1ed9t trong nh\u1eefng y\u1ebfu t\u1ed1 khi\u1ebfn ng\u01b0\u1eddi ch\u01a1i c\u1ea3m th\u1ea5y an t\u00e2m khi tham gia Jun88 ch\u00ednh l\u00e0 \u0111\u1ed9i ng\u0169 ch\u0103m s\u00f3c kh\u00e1ch h\u00e0ng t\u1eadn t\u00e2m v\u00e0 chuy\u00ean nghi\u1ec7p. D\u00f9 b\u1ea1n g\u1eb7p b\u1ea5t k\u1ef3 th\u1eafc m\u1eafc n\u00e0o t\u1eeb vi\u1ec7c \u0111\u0103ng k\u00fd t\u00e0i kho\u1ea3n, n\u1ea1p r\u00fat ti\u1ec1n hay c\u00e1ch th\u1ee9c tham gia c\u00e1c tr\u00f2 ch\u01a1i, \u0111\u1ed9i ng\u0169 h\u1ed7 tr\u1ee3 lu\u00f4n s\u1eb5n s\u00e0ng gi\u1ea3i \u0111\u00e1p m\u1ed9t c\u00e1ch nhanh ch\u00f3ng. C\u00e1c k\u00eanh li\u00ean h\u1ec7 \u0111a d\u1ea1ng nh\u01b0 live chat tr\u1ef1c ti\u1ebfp, email v\u00e0 hotline ho\u1ea1t \u0111\u1ed9ng xuy\u00ean su\u1ed1t, gi\u00fap b\u1ea1n d\u1ec5 d\u00e0ng k\u1ebft n\u1ed1i b\u1ea5t c\u1ee9 l\u00fac n\u00e0o. \u0110\u1eb7c bi\u1ec7t, th\u1eddi gian ph\u1ea3n h\u1ed3i trung b\u00ecnh ch\u1ec9 trong v\u00f2ng 5 ph\u00fat \u2013 m\u1ed9t l\u1ee3i th\u1ebf l\u1edbn so v\u1edbi nhi\u1ec1u nh\u00e0 c\u00e1i kh\u00e1c. Ch\u00ednh s\u1ef1 chuy\u00ean nghi\u1ec7p v\u00e0 th\u00e2n thi\u1ec7n c\u1ee7a b\u1ed9 ph\u1eadn CSKH \u0111\u00e3 g\u00f3p ph\u1ea7n kh\u1eb3ng \u0111\u1ecbnh th\u01b0\u01a1ng hi\u1ec7u Jun88 l\u00e0 \u0111i\u1ec3m \u0111\u1ebfn \u0111\u00e1ng tin c\u1eady cho c\u1ed9ng \u0111\u1ed3ng ng\u01b0\u1eddi ch\u01a1i c\u00e1 c\u01b0\u1ee3c tr\u1ef1c tuy\u1ebfn.<\/p>\n<h2>B\u1ea3o m\u1eadt th\u00f4ng tin t\u1ea1i Jun88<\/h2>\n<p>Khi tham gia c\u00e1 c\u01b0\u1ee3c tr\u1ef1c tuy\u1ebfn, b\u1ea3o m\u1eadt th\u00f4ng tin c\u00e1 nh\u00e2n lu\u00f4n l\u00e0 m\u1ed1i quan t\u00e2m h\u00e0ng \u0111\u1ea7u. <a href=\"https:\/\/jun88vi.io\">Jun 88<\/a> \u0111\u1eb7t y\u1ebfu t\u1ed1 n\u00e0y l\u00ean tr\u00ean h\u1ebft, \u00e1p d\u1ee5ng nh\u1eefng c\u00f4ng ngh\u1ec7 ti\u00ean ti\u1ebfn nh\u1ea5t \u0111\u1ec3 b\u1ea3o v\u1ec7 d\u1eef li\u1ec7u c\u1ee7a b\u1ea1n.<\/p>\n<p>Nh\u00e0 c\u00e1i s\u1eed d\u1ee5ng c\u00f4ng ngh\u1ec7 \u00e1p d\u1ee5ng c\u00e1c bi\u1ec7n ph\u00e1p b\u1ea3o v\u1ec7 th\u00f4ng tin ph\u00f9 h\u1ee3p 128-bit cho m\u1ecdi giao d\u1ecbch, \u0111\u1ea3m b\u1ea3o m\u1ecdi th\u00f4ng tin t\u1eeb t\u00e0i kho\u1ea3n \u0111\u1ebfn l\u1ecbch s\u1eed c\u01b0\u1ee3c \u0111\u1ec1u an to\u00e0n. B\u00ean c\u1ea1nh \u0111\u00f3, Jun 88 x\u1eed l\u00fd th\u00f4ng tin theo ch\u00ednh s\u00e1ch \u0111\u01b0\u1ee3c c\u00f4ng b\u1ed1 kh\u00e1ch h\u00e0ng v\u1edbi b\u1ea5t k\u1ef3 b\u00ean th\u1ee9 ba n\u00e0o khi ch\u01b0a \u0111\u01b0\u1ee3c s\u1ef1 \u0111\u1ed3ng \u00fd. Ch\u00ednh s\u00e1ch b\u1ea3o m\u1eadt nghi\u00eam ng\u1eb7t n\u00e0y gi\u00fap ng\u01b0\u1eddi ch\u01a1i ho\u00e0n to\u00e0n y\u00ean t\u00e2m khi tr\u1ea3i nghi\u1ec7m.<\/p>\n<p>H\u00e3y lu\u00f4n ki\u1ec3m tra c\u00e1c \u0111i\u1ec1u kho\u1ea3n b\u1ea3o m\u1eadt tr\u01b0\u1edbc khi giao d\u1ecbch \u0111\u1ec3 hi\u1ec3u r\u00f5 quy\u1ec1n l\u1ee3i c\u1ee7a m\u00ecnh. V\u1edbi n\u1ec1n t\u1ea3ng v\u1eefng ch\u1eafc v\u1ec1 b\u1ea3o m\u1eadt, Jun 88 x\u1ee9ng \u0111\u00e1ng l\u00e0 \u0111i\u1ec3m \u0111\u1ebfn tin c\u1eady cho m\u1ecdi bet th\u1ee7.<\/p>\n<h2>Ho\u00e0n tr\u1ea3 20% \u2013 \u01afu \u0111\u00e3i h\u1ea5p d\u1eabn cho th\u00e0nh vi\u00ean<\/h2>\n<figure class=\"article-image\" style=\"text-align:center;margin:20px auto\">\n<img decoding=\"async\" src=\"https:\/\/jun88vi.io\/wp-content\/uploads\/2026\/05\/loi-ich-khi-choi-tai-jun88-hoan-tra-20-b-dai-su-thuong-hieu-doc-quyen.webp\" alt=\"L\u1ee3i \u00edch khi ch\u01a1i t\u1ea1i Jun88: ho\u00e0n tr\u1ea3 20%, b\u1ea3o m\u1eadt, giao d\u1ecbch nhanh\" title=\"loi-ich-khi-choi-tai-jun88-hoan-tra-20-bao-mat-giao-dich-nhanh\" loading=\"lazy\" style=\"display:block;margin-left:auto;margin-right:auto;max-width:100%;height:auto\"><figcaption style=\"text-align:center\">L\u1ee3i \u00edch khi ch\u01a1i t\u1ea1i Jun88: ho\u00e0n tr\u1ea3 20%, b\u1ea3o m\u1eadt, giao d\u1ecbch nhanh<\/figcaption><\/figure>\n<p>T\u1eadn h\u01b0\u1edfng nhi\u1ec1u l\u1ee3i \u00edch khi tham gia Jun88: ho\u00e0n tr\u1ea3 20%, giao d\u1ecbch nhanh ch\u00f3ng, b\u1ea3o m\u1eadt tuy\u1ec7t \u0111\u1ed1i.<\/p>\n<p>Kh\u00f4ng th\u1ec3 b\u1ecf qua ch\u01b0\u01a1ng tr\u00ecnh ho\u00e0n tr\u1ea3 20% h\u00e0ng tu\u1ea7n t\u1ea1i Jun88. \u01afu \u0111\u00e3i n\u00e0y \u00e1p d\u1ee5ng cho m\u1ecdi s\u1ea3n ph\u1ea9m c\u00e1 c\u01b0\u1ee3c, kh\u00f4ng gi\u1edbi h\u1ea1n s\u1ed1 ti\u1ec1n ho\u00e0n tr\u1ea3. Ch\u1ec9 c\u1ea7n b\u1ea1n \u0111\u1eb7t c\u01b0\u1ee3c, h\u1ec7 th\u1ed1ng s\u1ebd t\u1ef1 \u0111\u1ed9ng t\u00ednh v\u00e0 ho\u00e0n l\u1ea1i 20% s\u1ed1 ti\u1ec1n thua c\u01b0\u1ee3c v\u00e0o t\u00e0i kho\u1ea3n m\u1ed7i tu\u1ea7n. V\u00ed d\u1ee5, n\u1ebfu b\u1ea1n c\u01b0\u1ee3c 1 tri\u1ec7u \u0111\u1ed3ng, b\u1ea1n s\u1ebd nh\u1eadn ngay 200.000 \u0111\u1ed3ng. \u0110\u00e2y l\u00e0 m\u1ed9t trong nh\u1eefng \u01b0u \u0111\u00e3i \u0111\u01b0\u1ee3c nhi\u1ec1u th\u00e0nh vi\u00ean y\u00eau th\u00edch, gi\u00fap b\u1ea1n c\u00f3 th\u00eam c\u01a1 h\u1ed9i tr\u1ea3i nghi\u1ec7m c\u00e1c s\u1ea3n ph\u1ea9m c\u1ee7a Jun88.<\/p>\n<h2>Gi\u1edbi h\u1ea1n c\u1ea7n nh\u1eadn bi\u1ebft tr\u01b0\u1edbc khi \u00e1p d\u1ee5ng \u0111\u1ea1i s\u1ee9 th\u01b0\u01a1ng hi\u1ec7u jun88<\/h2>\n<p>\u1ede ph\u1ea7n m\u1edf r\u1ed9ng n\u00e0y, ng\u01b0\u1eddi \u0111\u1ecdc c\u00f3 th\u1ec3 \u0111\u1ed1i chi\u1ebfu th\u00eam c\u00e1c y\u1ebfu t\u1ed1 th\u1ef1c t\u1ebf tr\u01b0\u1edbc khi \u00e1p d\u1ee5ng \u0111\u1ea1i s\u1ee9 th\u01b0\u01a1ng hi\u1ec7u jun88. N\u1ed9i dung t\u1eadp trung v\u00e0o c\u00e1ch nh\u1eadn di\u1ec7n \u0111i\u1ec1u ki\u1ec7n ph\u00f9 h\u1ee3p v\u00e0 nh\u1eefng \u0111i\u1ec3m c\u1ea7n ki\u1ec3m tra l\u1ea1i t\u1eeb ngu\u1ed3n ch\u00ednh th\u1ee9c.<\/p>\n<p>Khi tri\u1ec3n khai \u0111\u1ea1i s\u1ee9 th\u01b0\u01a1ng hi\u1ec7u jun88, n\u00ean \u0111i theo t\u1eebng b\u01b0\u1edbc nh\u1ecf v\u00e0 ghi nh\u1eadn k\u1ebft qu\u1ea3 sau m\u1ed7i b\u01b0\u1edbc. C\u00e1ch l\u00e0m n\u00e0y gi\u00fap \u0111i\u1ec1u ch\u1ec9nh k\u1ecbp th\u1eddi, gi\u1ea3m r\u1ee7i ro do gi\u1ea3 \u0111\u1ecbnh thi\u1ebfu d\u1eef li\u1ec7u v\u00e0 gi\u1eef quy\u1ebft \u0111\u1ecbnh nh\u1ea5t qu\u00e1n h\u01a1n.<\/p>\n<p>N\u1ebfu mu\u1ed1n \u0111\u00e0o s\u00e2u h\u01a1n, h\u00e3y t\u1ed5ng h\u1ee3p c\u00e1c c\u00e2u h\u1ecfi quan tr\u1ecdng theo nh\u00f3m limitations \u0111\u1ec3 \u01b0u ti\u00ean \u0111\u00fang vi\u1ec7c c\u1ea7n l\u00e0m tr\u01b0\u1edbc. M\u1ee5c ti\u00eau l\u00e0 gi\u00fap qu\u00e1 tr\u00ecnh \u0111\u00e1nh gi\u00e1 r\u00f5 r\u00e0ng, d\u1ec5 theo d\u00f5i v\u00e0 d\u1ec5 c\u1eadp nh\u1eadt khi th\u00f4ng tin thay \u0111\u1ed5i.<\/p>\n<h2>C\u00e2u h\u1ecfi th\u01b0\u1eddng g\u1eb7p<\/h2>\n<h3>\u0110\u1ea1i s\u1ee9 th\u01b0\u01a1ng hi\u1ec7u Jun88 l\u00e0 ai?<\/h3>\n<p>Jun88 t\u1ef1 h\u00e0o h\u1ee3p t\u00e1c v\u1edbi nh\u1eefng g\u01b0\u01a1ng m\u1eb7t n\u1ed5i ti\u1ebfng trong vai tr\u00f2 \u0111\u1ea1i s\u1ee9 th\u01b0\u01a1ng hi\u1ec7u Jun88. \u0110\u00e2y l\u00e0 minh ch\u1ee9ng cho uy t\u00edn v\u00e0 s\u1ef1 chuy\u00ean nghi\u1ec7p c\u1ee7a nh\u00e0 c\u00e1i. S\u1ef1 xu\u1ea5t hi\u1ec7n c\u1ee7a c\u00e1c \u0111\u1ea1i s\u1ee9 kh\u00f4ng ch\u1ec9 n\u00e2ng t\u1ea7m th\u01b0\u01a1ng hi\u1ec7u m\u00e0 c\u00f2n mang \u0111\u1ebfn s\u1ef1 tin t\u01b0\u1edfng cho ng\u01b0\u1eddi ch\u01a1i.<\/p>\n<h3>Jun88 c\u00f3 an to\u00e0n kh\u00f4ng?<\/h3>\n<p>Jun88 l\u00e0 nh\u00e0 c\u00e1i uy t\u00edn, \u00e1p d\u1ee5ng c\u00f4ng ngh\u1ec7 b\u1ea3o m\u1eadt hi\u1ec7n \u0111\u1ea1i \u0111\u1ec3 b\u1ea3o v\u1ec7 th\u00f4ng tin ng\u01b0\u1eddi ch\u01a1i. H\u1ec7 th\u1ed1ng gi\u00e1m s\u00e1t ch\u1eb7t ch\u1ebd, \u0111\u1ea3m b\u1ea3o m\u1ecdi giao d\u1ecbch \u0111\u1ec1u minh b\u1ea1ch. B\u1ea1n c\u00f3 th\u1ec3 y\u00ean t\u00e2m tr\u1ea3i nghi\u1ec7m c\u00e1c s\u1ea3n ph\u1ea9m c\u00e1 c\u01b0\u1ee3c t\u1ea1i \u0111\u00e2y.<\/p>\n<h3>Ho\u00e0n tr\u1ea3 20% t\u1ea1i Jun88 c\u00f3 \u0111i\u1ec1u ki\u1ec7n g\u00ec?<\/h3>\n<p>Ch\u01b0\u01a1ng tr\u00ecnh ho\u00e0n tr\u1ea3 20% t\u1ea1i Jun 88 d\u00e0nh cho t\u1ea5t c\u1ea3 th\u00e0nh vi\u00ean, kh\u00f4ng y\u00eau c\u1ea7u v\u00f2ng c\u01b0\u1ee3c ph\u1ee9c t\u1ea1p. B\u1ea1n ch\u1ec9 c\u1ea7n tham gia \u0111\u1eb7t c\u01b0\u1ee3c, h\u1ec7 th\u1ed1ng s\u1ebd t\u1ef1 \u0111\u1ed9ng t\u00ednh ho\u00e0n tr\u1ea3 h\u00e0ng ng\u00e0y. \u0110\u00e2y l\u00e0 \u01b0u \u0111\u00e3i h\u1ea5p d\u1eabn gi\u00fap t\u0103ng th\u00eam l\u1ee3i nhu\u1eadn.<\/p>\n<p>Hy v\u1ecdng b\u00e0i vi\u1ebft \u0111\u00e3 gi\u00fap b\u1ea1n hi\u1ec3u th\u00eam v\u1ec1 \u0111\u1ea1i s\u1ee9 th\u01b0\u01a1ng hi\u1ec7u Jun88. N\u1ebfu b\u1ea1n quan t\u00e2m, h\u00e3y gh\u00e9 th\u0103m Jun 88 \u0111\u1ec3 t\u1ef1 m\u00ecnh kh\u00e1m ph\u00e1. \u0110\u1eebng qu\u00ean ki\u1ec3m tra c\u00e1c ch\u01b0\u01a1ng tr\u00ecnh khuy\u1ebfn m\u00e3i h\u1ea5p d\u1eabn \u0111ang ch\u1edd b\u1ea1n.<\/p>\n","protected":false},"excerpt":{"rendered":"<p>\u0110\u1ea1i s\u1ee9 th\u01b0\u01a1ng hi\u1ec7u Jun88 \u2013 Uy t\u00edn, chuy\u00ean nghi\u1ec7p v\u00e0 \u0111\u1eb3ng c\u1ea5p Khi m\u1ed9t th\u01b0\u01a1ng hi\u1ec7u c\u00e1 c\u01b0\u1ee3c s\u1edf h\u1eefu \u0111\u1ea1i s\u1ee9 th\u01b0\u01a1ng hi\u1ec7u Jun88 uy t\u00edn, \u0111\u00f3 l\u00e0 d\u1ea5u hi\u1ec7u cho th\u1ea5y h\u1ecd \u0111\u1eb7t ch\u1ea5t l\u01b0\u1ee3ng v\u00e0 tr\u1ea3i nghi\u1ec7m kh\u00e1ch h\u00e0ng l\u00ean h\u00e0ng \u0111\u1ea7u. Jun88 kh\u00f4ng ng\u1eebng kh\u1eb3ng \u0111\u1ecbnh v\u1ecb th\u1ebf qua danh [&#8230;]\n","protected":false},"author":2,"featured_media":296,"parent":0,"menu_order":0,"comment_status":"closed","ping_status":"closed","template":"","meta":{"rank_math_title":"\u0110\u1ea1i s\u1ee9 th\u01b0\u01a1ng hi\u1ec7u Jun88 \u2013 Uy t\u00edn, chuy\u00ean nghi\u1ec7p v\u00e0 \u0111\u1eb3ng c\u1ea5p","rank_math_focus_keyword":"\u0111\u1ea1i s\u1ee9 th\u01b0\u01a1ng hi\u1ec7u \u0111\u1ed9c quy\u1ec1n","rank_math_description":"","footnotes":""},"class_list":["post-32","page","type-page","status-publish","has-post-thumbnail","hentry"],"_links":{"self":[{"href":"https:\/\/jun88vi.io\/index.php\/wp-json\/wp\/v2\/pages\/32","targetHints":{"allow":["GET"]}}],"collection":[{"href":"https:\/\/jun88vi.io\/index.php\/wp-json\/wp\/v2\/pages"}],"about":[{"href":"https:\/\/jun88vi.io\/index.php\/wp-json\/wp\/v2\/types\/page"}],"author":[{"embeddable":true,"href":"https:\/\/jun88vi.io\/index.php\/wp-json\/wp\/v2\/users\/2"}],"replies":[{"embeddable":true,"href":"https:\/\/jun88vi.io\/index.php\/wp-json\/wp\/v2\/comments?post=32"}],"version-history":[{"count":1,"href":"https:\/\/jun88vi.io\/index.php\/wp-json\/wp\/v2\/pages\/32\/revisions"}],"predecessor-version":[{"id":314,"href":"https:\/\/jun88vi.io\/index.php\/wp-json\/wp\/v2\/pages\/32\/revisions\/314"}],"wp:featuredmedia":[{"embeddable":true,"href":"https:\/\/jun88vi.io\/index.php\/wp-json\/wp\/v2\/media\/296"}],"wp:attachment":[{"href":"https:\/\/jun88vi.io\/index.php\/wp-json\/wp\/v2\/media?parent=32"}],"curies":[{"name":"wp","href":"https:\/\/api.w.org\/{rel}","templated":true}]}}