{"id":34,"date":"2026-05-09T19:27:09","date_gmt":"2026-05-09T19:27:09","guid":{"rendered":"https:\/\/jun88vi.io\/index.php\/soi-keo-tai-xiu\/"},"modified":"2026-05-09T19:53:33","modified_gmt":"2026-05-09T19:53:33","slug":"soi-keo-tai-xiu","status":"publish","type":"page","link":"https:\/\/jun88vi.io\/index.php\/soi-keo-tai-xiu\/","title":{"rendered":"Soi k\u00e8o t\u00e0i x\u1ec9u"},"content":{"rendered":"<h1>Soi K\u00e8o T\u00e0i X\u1ec9u Jun88: B\u00ed Quy\u1ebft Th\u1eafng L\u1edbn M\u1edbi Nh\u1ea5t 2026<\/h1>\n<p>B\u1ea1n c\u00f3 bao gi\u1edd c\u1ea3m th\u1ea5y b\u1ed1i r\u1ed1i khi \u0111\u1ed1i di\u1ec7n v\u1edbi h\u00e0ng lo\u1ea1t k\u00e8o t\u00e0i x\u1ec9u tr\u00ean b\u1ea3ng t\u1ef7 l\u1ec7?<\/p>\n<p>\u0110\u00e2y l\u00e0 n\u1ed7i lo chung c\u1ee7a r\u1ea5t nhi\u1ec1u ng\u01b0\u1eddi ch\u01a1i c\u00e1 c\u01b0\u1ee3c b\u00f3ng \u0111\u00e1, \u0111\u1eb7c bi\u1ec7t l\u00e0 nh\u1eefng ai m\u1edbi b\u1eaft \u0111\u1ea7u.<\/p>\n<p>N\u1ebfu b\u1ea1n \u0111ang t\u00ecm ki\u1ebfm ph\u01b0\u01a1ng ph\u00e1p soi k\u00e8o t\u00e0i x\u1ec9u <a href=\"https:\/\/jun88vi.io\">Jun88<\/a> hi\u1ec7u qu\u1ea3, b\u00e0i vi\u1ebft n\u00e0y s\u1ebd gi\u00fap b\u1ea1n gi\u1ea3i quy\u1ebft v\u1ea5n \u0111\u1ec1 \u0111\u00f3.<\/p>\n<p>Ch\u00fang t\u00f4i s\u1ebd b\u1eadt m\u00ed nh\u1eefng chi\u1ebfn thu\u1eadt ph\u00e2n t\u00edch k\u00e8o over under v\u00e0 soi t\u00e0i x\u1ec9u b\u00f3ng \u0111\u00e1 t\u1eeb c\u00e1c chuy\u00ean gia, gi\u00fap b\u1ea1n n\u1eafm b\u1eaft c\u01a1 h\u1ed9i chi\u1ebfn th\u1eafng.<\/p>\n<p>H\u00e3y c\u00f9ng Jun88 \u2013 nh\u00e0 c\u00e1i uy t\u00edn h\u00e0ng \u0111\u1ea7u \u2013 kh\u00e1m ph\u00e1 nh\u1eefng b\u00ed quy\u1ebft \u0111\u1eb7t c\u01b0\u1ee3c th\u00f4ng minh ngay h\u00f4m nay.<\/p>\n<figure class=\"article-image\" style=\"text-align:center;margin:20px auto\">\n<img decoding=\"async\" src=\"https:\/\/jun88vi.io\/wp-content\/uploads\/2026\/05\/giao-dien-jun88-hien-dai-voi-ca-cuoc-the-soi-keo-tai-xiu.webp\" alt=\"Giao di\u1ec7n Jun88 hi\u1ec7n \u0111\u1ea1i v\u1edbi c\u00e1 c\u01b0\u1ee3c th\u1ec3 thao v\u00e0 casino\" title=\"giao-dien-jun88-hien-dai-voi-ca-cuoc-the-thao-va-casino\" loading=\"lazy\" style=\"display:block;margin-left:auto;margin-right:auto;max-width:100%;height:auto\"><figcaption style=\"text-align:center\">Giao di\u1ec7n Jun88 hi\u1ec7n \u0111\u1ea1i v\u1edbi c\u00e1 c\u01b0\u1ee3c th\u1ec3 thao v\u00e0 casino<\/figcaption><\/figure>\n<p>Jun88 mang \u0111\u1ebfn tr\u1ea3i nghi\u1ec7m gi\u1ea3i tr\u00ed \u0111a d\u1ea1ng v\u1edbi c\u00f4ng ngh\u1ec7 ti\u00ean ti\u1ebfn<\/p>\n<h2>Gi\u1edbi Thi\u1ec7u Jun88 L\u00e0 Ai?<\/h2>\n<p>B\u1ea1n \u0111ang t\u00ecm ki\u1ebfm m\u1ed9t \u0111\u1ecba ch\u1ec9 c\u00e1 c\u01b0\u1ee3c uy t\u00edn \u0111\u1ec3 th\u1eed s\u1ee9c v\u1edbi soi k\u00e8o t\u00e0i x\u1ec9u Jun88? H\u00e3y c\u00f9ng t\u00f4i ng\u01b0\u1ee3c d\u00f2ng th\u1eddi gian m\u1ed9t ch\u00fat. Jun88 ra \u0111\u1eddi v\u00e0o n\u0103m 2010, \u0111\u01b0\u1ee3c c\u1ea5p ph\u00e9p b\u1edfi PAGCOR \u2013 t\u1ed5 ch\u1ee9c qu\u1ea3n l\u00fd c\u1edd b\u1ea1c h\u00e0ng \u0111\u1ea7u ch\u00e2u \u00c1. T\u1eeb m\u1ed9t n\u1ec1n t\u1ea3ng nh\u1ecf, nh\u00e0 c\u00e1i n\u00e0y \u0111\u00e3 v\u01b0\u01a1n l\u00ean tr\u1edf th\u00e0nh m\u1ed9t trong nh\u1eefng th\u01b0\u01a1ng hi\u1ec7u \u0111\u01b0\u1ee3c y\u00eau th\u00edch nh\u1ea5t t\u1ea1i Vi\u1ec7t Nam.<\/p>\n<p>\u0110i\u1ec1u g\u00ec \u0111\u00e3 l\u00e0m n\u00ean t\u00ean tu\u1ed5i c\u1ee7a Jun88? Ch\u00ednh l\u00e0 s\u1ef1 \u0111a d\u1ea1ng trong s\u1ea3n ph\u1ea9m, \u0111\u1eb7c bi\u1ec7t l\u00e0 c\u00e1 c\u01b0\u1ee3c th\u1ec3 thao v\u1edbi k\u00e8o over under c\u1ef1c k\u1ef3 h\u1ea5p d\u1eabn. H\u00e0ng tri\u1ec7u ng\u01b0\u1eddi ch\u01a1i \u0111\u00e3 tin t\u01b0\u1edfng l\u1ef1a ch\u1ecdn Jun88 b\u1edfi s\u1ef1 minh b\u1ea1ch v\u00e0 t\u1ef7 l\u1ec7 c\u01b0\u1ee3c c\u1ea1nh tranh. N\u1ebfu b\u1ea1n \u0111ang b\u0103n kho\u0103n ch\u01b0a bi\u1ebft b\u1eaft \u0111\u1ea7u t\u1eeb \u0111\u00e2u, th\u00ec \u0111\u00e2y ch\u00ednh l\u00e0 \u0111i\u1ec3m \u0111\u1ebfn l\u00fd t\u01b0\u1edfng.<\/p>\n<h2>S\u1ea3n Ph\u1ea9m N\u1ed5i B\u1eadt C\u1ee7a Jun88<\/h2>\n<p>Jun88 t\u1ef1 h\u00e0o mang \u0111\u1ebfn m\u1ed9t v\u0169 tr\u1ee5 gi\u1ea3i tr\u00ed \u0111a d\u1ea1ng, n\u01a1i m\u1ed7i s\u1ea3n ph\u1ea9m \u0111\u1ec1u nh\u01b0 m\u1ed9t ng\u00f4i sao s\u00e1ng. N\u1ed5i b\u1eadt nh\u1ea5t l\u00e0 c\u00e1 c\u01b0\u1ee3c th\u1ec3 thao v\u1edbi h\u00e0ng ng\u00e0n tr\u1eadn \u0111\u1ea5u m\u1ed7i ng\u00e0y, \u0111\u1eb7c bi\u1ec7t l\u00e0 b\u1ed9 m\u00f4n soi t\u00e0i x\u1ec9u b\u00f3ng \u0111\u00e1 \u2013 n\u01a1i b\u1ea1n c\u00f3 th\u1ec3 t\u1eadn d\u1ee5ng t\u1ef7 l\u1ec7 c\u01b0\u1ee3c c\u1ea1nh tranh \u0111\u1ec3 \u0111\u01b0a ra nh\u1eefng d\u1ef1 \u0111o\u00e1n ch\u00ednh x\u00e1c. B\u00ean c\u1ea1nh \u0111\u00f3, casino tr\u1ef1c tuy\u1ebfn v\u1edbi dealer xinh \u0111\u1eb9p, slot game quay h\u0169 \u0111\u1ed5i th\u01b0\u1edfng v\u00e0 x\u1ed5 s\u1ed1 nhanh ch\u00f3ng c\u0169ng l\u00e0 nh\u1eefng l\u1ef1a ch\u1ecdn kh\u00f4ng th\u1ec3 b\u1ecf qua. T\u1ea5t c\u1ea3 \u0111\u1ec1u \u0111\u01b0\u1ee3c v\u1eadn h\u00e0nh tr\u00ean n\u1ec1n t\u1ea3ng c\u00f4ng ngh\u1ec7 hi\u1ec7n \u0111\u1ea1i, giao di\u1ec7n th\u00e2n thi\u1ec7n, gi\u00fap b\u1ea1n d\u1ec5 d\u00e0ng thao t\u00e1c. D\u00f9 b\u1ea1n y\u00eau th\u00edch k\u00e8o over under hay b\u1ea5t k\u1ef3 lo\u1ea1i h\u00ecnh n\u00e0o, Jun88 lu\u00f4n c\u00f3 s\u00e2n ch\u01a1i x\u1ee9ng t\u1ea7m.<\/p>\n<h2>L\u1ee3i \u00cdch Khi Ch\u01a1i Jun88<\/h2>\n<figure class=\"article-image\" style=\"text-align:center;margin:20px auto\">\n<img decoding=\"async\" src=\"https:\/\/jun88vi.io\/wp-content\/uploads\/2026\/05\/giao-dien-jun88-hien-dai-voi-ca-cuoc-the-soi-keo-tai-xiu-1.webp\" alt=\"Giao di\u1ec7n Jun88 hi\u1ec7n \u0111\u1ea1i v\u1edbi c\u00e1 c\u01b0\u1ee3c th\u1ec3 thao v\u00e0 casino\" title=\"giao-dien-jun88-hien-dai-voi-ca-cuoc-the-thao-va-casino\" loading=\"lazy\" style=\"display:block;margin-left:auto;margin-right:auto;max-width:100%;height:auto\"><figcaption style=\"text-align:center\">Giao di\u1ec7n Jun88 hi\u1ec7n \u0111\u1ea1i v\u1edbi c\u00e1 c\u01b0\u1ee3c th\u1ec3 thao v\u00e0 casino<\/figcaption><\/figure>\n<p>Jun88 mang \u0111\u1ebfn tr\u1ea3i nghi\u1ec7m gi\u1ea3i tr\u00ed \u0111a d\u1ea1ng v\u1edbi c\u00f4ng ngh\u1ec7 ti\u00ean ti\u1ebfn<\/p>\n<p>Khi b\u1eaft \u0111\u1ea7u tr\u1ea3i nghi\u1ec7m t\u1ea1i Jun88, t\u00f4i nhanh ch\u00f3ng nh\u1eadn th\u1ea5y nh\u1eefng l\u1ee3i \u00edch v\u01b0\u1ee3t tr\u1ed9i m\u00e0 nh\u00e0 c\u00e1i n\u00e0y mang l\u1ea1i. D\u01b0\u1edbi \u0111\u00e2y l\u00e0 nh\u1eefng \u0111i\u1ec3m khi\u1ebfn t\u00f4i quy\u1ebft \u0111\u1ecbnh g\u1eafn b\u00f3:<\/p>\n<ol>\n<li>T\u1ef7 l\u1ec7 c\u01b0\u1ee3c c\u1ea1nh tranh \u0111i k\u00e8m ch\u00ednh s\u00e1ch ho\u00e0n tr\u1ea3 h\u1ea5p d\u1eabn \u2013 y\u1ebfu t\u1ed1 then ch\u1ed1t gi\u00fap t\u00f4i t\u1ed1i \u01b0u l\u1ee3i nhu\u1eadn khi soi k\u00e8o t\u00e0i x\u1ec9u Jun88.<\/li>\n<li>Qu\u00e1 tr\u00ecnh n\u1ea1p v\u00e0 r\u00fat ti\u1ec1n di\u1ec5n ra nhanh ch\u00f3ng, h\u1ed7 tr\u1ee3 \u0111a d\u1ea1ng ph\u01b0\u01a1ng th\u1ee9c thanh to\u00e1n nh\u01b0 ng\u00e2n h\u00e0ng n\u1ed9i \u0111\u1ecba, ph\u01b0\u01a1ng th\u1ee9c thanh to\u00e1n \u0111\u01b0\u1ee3c h\u1ed7 tr\u1ee3, c\u1ef1c k\u1ef3 ti\u1ec7n l\u1ee3i.<\/li>\n<li>C\u00e1c ch\u01b0\u01a1ng tr\u00ecnh khuy\u1ebfn m\u00e3i di\u1ec5n ra th\u01b0\u1eddng xuy\u00ean, \u0111\u1eb7c bi\u1ec7t \u01b0u \u0111\u00e3i d\u00e0nh cho ng\u01b0\u1eddi m\u1edbi gi\u00fap t\u00f4i c\u00f3 th\u00eam v\u1ed1n \u0111\u1ec3 kh\u00e1m ph\u00e1 c\u00e1c k\u00e8o c\u01b0\u1ee3c.<\/li>\n<\/ol>\n<p>Nh\u1edd nh\u1eefng l\u1ee3i th\u1ebf n\u00e0y, t\u00f4i c\u00f3 th\u1ec3 t\u1eadp trung v\u00e0o chi\u1ebfn thu\u1eadt soi k\u00e8o m\u00e0 kh\u00f4ng lo l\u1eafng v\u1ec1 c\u00e1c v\u1ea5n \u0111\u1ec1 t\u00e0i ch\u00ednh hay h\u1ed7 tr\u1ee3.<\/p>\n<h2>D\u1ecbch V\u1ee5 Ch\u0103m S\u00f3c Kh\u00e1ch H\u00e0ng C\u1ee7a Jun88<\/h2>\n<p>T\u00f4i c\u00f2n nh\u1edb l\u1ea7n \u0111\u1ea7u n\u1ea1p ti\u1ec1n v\u00e0o Jun88 \u0111\u1ec3 b\u1eaft k\u00e8o t\u00e0i x\u1ec9u, h\u1ec7 th\u1ed1ng b\u00e1o l\u1ed7i khi\u1ebfn t\u00f4i kh\u00e1 hoang mang. Ngay l\u1eadp t\u1ee9c, t\u00f4i nh\u1ea5n v\u00e0o m\u1ee5c h\u1ed7 tr\u1ee3 tr\u1ef1c tuy\u1ebfn. Nh\u00e2n vi\u00ean t\u01b0 v\u1ea5n nhanh ch\u00f3ng xu\u1ea5t hi\u1ec7n, h\u1ecfi th\u0103m t\u00ecnh h\u00ecnh v\u00e0 h\u01b0\u1edbng d\u1eabn t\u00f4i kh\u1eafc ph\u1ee5c ch\u1ec9 trong v\u00e0i ph\u00fat. Kh\u00f4ng ch\u1ec9 v\u1eady, sau \u0111\u00f3 h\u1ecd c\u00f2n g\u1eedi email x\u00e1c nh\u1eadn v\u00e0 nh\u1eafn nh\u1ee7 n\u1ebfu c\u1ea7n gi\u00fap \u0111\u1ee1 th\u00eam. S\u1ef1 nhi\u1ec7t t\u00ecnh v\u00e0 chuy\u00ean nghi\u1ec7p \u1ea5y khi\u1ebfn t\u00f4i r\u1ea5t an t\u00e2m. D\u1ecbch v\u1ee5 ch\u0103m s\u00f3c kh\u00e1ch h\u00e0ng c\u1ee7a Jun88 ho\u1ea1t \u0111\u1ed9ng trong khung gi\u1edd h\u1ed7 tr\u1ee3 \u0111\u01b0\u1ee3c c\u00f4ng b\u1ed1 qua live chat, email v\u00e0 hotline, lu\u00f4n s\u1eb5n s\u00e0ng gi\u1ea3i quy\u1ebft m\u1ecdi v\u1ea5n \u0111\u1ec1 nhanh ch\u00f3ng. \u0110\u00f3 ch\u00ednh l\u00e0 l\u00fd do t\u00f4i g\u1eafn b\u00f3 v\u1edbi nh\u00e0 c\u00e1i n\u00e0y l\u00e2u d\u00e0i.<\/p>\n<h2>Jun88 B\u1ea3o M\u1eadt Th\u00f4ng Tin Ng\u01b0\u1eddi Ch\u01a1i<\/h2>\n<p>B\u1ea1n c\u00f3 bao gi\u1edd lo l\u1eafng khi nh\u1eadp th\u00f4ng tin c\u00e1 nh\u00e2n v\u00e0o m\u1ed9t trang web c\u00e1 c\u01b0\u1ee3c? T\u1ea1i Jun88, n\u1ed7i lo \u0111\u00f3 \u0111\u01b0\u1ee3c \u0111\u1eb7t l\u00ean h\u00e0ng \u0111\u1ea7u. V\u1edbi c\u00f4ng ngh\u1ec7 \u00e1p d\u1ee5ng c\u00e1c bi\u1ec7n ph\u00e1p b\u1ea3o v\u1ec7 th\u00f4ng tin ph\u00f9 h\u1ee3p 128-bit, m\u1ecdi d\u1eef li\u1ec7u c\u1ee7a b\u1ea1n \u0111\u1ec1u \u0111\u01b0\u1ee3c b\u1ea3o v\u1ec7 an to\u00e0n. Jun88 cam k\u1ebft kh\u00f4ng chia s\u1ebb th\u00f4ng tin ng\u01b0\u1eddi d\u00f9ng v\u1edbi b\u1ea5t k\u1ef3 b\u00ean th\u1ee9 ba n\u00e0o. H\u1ec7 th\u1ed1ng b\u1ea3o m\u1eadt \u0111\u01b0\u1ee3c ki\u1ec3m \u0111\u1ecbnh \u0111\u1ecbnh k\u1ef3 b\u1edfi c\u00e1c t\u1ed5 ch\u1ee9c uy t\u00edn, \u0111\u1ea3m b\u1ea3o m\u00f4i tr\u01b0\u1eddng ch\u01a1i. Khi ch\u01a1i t\u1ea1i Jun88, b\u1ea1n ho\u00e0n to\u00e0n y\u00ean t\u00e2m v\u1ec1 \u0111\u1ed9 tin c\u1eady v\u00e0 b\u1ea3o m\u1eadt. Ch\u00ednh s\u00e1ch b\u1ea3o m\u1eadt nghi\u00eam ng\u1eb7t c\u0169ng \u0111\u01b0\u1ee3c c\u1eadp nh\u1eadt th\u01b0\u1eddng xuy\u00ean \u0111\u1ec3 th\u00edch \u1ee9ng v\u1edbi c\u00e1c r\u1ee7i ro m\u1edbi, gi\u00fap ng\u01b0\u1eddi ch\u01a1i lu\u00f4n \u0111\u01b0\u1ee3c b\u1ea3o v\u1ec7 to\u00e0n di\u1ec7n.<\/p>\n<h2>Ch\u00ednh S\u00e1ch Ho\u00e0n Tr\u1ea3 20% C\u1ee7a Jun88<\/h2>\n<figure class=\"article-image\" style=\"text-align:center;margin:20px auto\">\n<img decoding=\"async\" src=\"https:\/\/jun88vi.io\/wp-content\/uploads\/2026\/05\/cac-san-pham-noi-bat-tai-jun88-gom-casin-soi-keo-tai-xiu.webp\" alt=\"C\u00e1c s\u1ea3n ph\u1ea9m n\u1ed5i b\u1eadt t\u1ea1i Jun88 g\u1ed3m casino, slot, th\u1ec3 thao\" title=\"cac-san-pham-noi-bat-tai-jun88-gom-casino-slot-the-thao\" loading=\"lazy\" style=\"display:block;margin-left:auto;margin-right:auto;max-width:100%;height:auto\"><figcaption style=\"text-align:center\">C\u00e1c s\u1ea3n ph\u1ea9m n\u1ed5i b\u1eadt t\u1ea1i Jun88 g\u1ed3m casino, slot, th\u1ec3 thao<\/figcaption><\/figure>\n<p>Jun88 cung c\u1ea5p h\u00e0ng lo\u1ea1t s\u1ea3n ph\u1ea9m gi\u1ea3i tr\u00ed \u0111\u1ec9nh cao t\u1eeb th\u1ec3 thao \u0111\u1ebfn casino<\/p>\n<p><a href=\"https:\/\/jun88vi.io\">Jun 88<\/a> mang \u0111\u1ebfn ch\u00ednh s\u00e1ch ho\u00e0n tr\u1ea3 20% h\u00e0ng tu\u1ea7n d\u00e0nh cho t\u1ea5t c\u1ea3 ng\u01b0\u1eddi ch\u01a1i. B\u1ea5t k\u1ec3 b\u1ea1n th\u1eafng hay thua, b\u1ea1n v\u1eabn nh\u1eadn \u0111\u01b0\u1ee3c ti\u1ec1n ho\u00e0n tr\u1ea3 d\u1ef1a tr\u00ean t\u1ed5ng c\u01b0\u1ee3c. \u0110i\u1ec1u ki\u1ec7n r\u1ea5t \u0111\u01a1n gi\u1ea3n: ch\u1ec9 c\u1ea7n \u0111\u1eb7t c\u01b0\u1ee3c t\u1ed1i thi\u1ec3u 100.000 VND trong tu\u1ea7n, kh\u00f4ng gi\u1edbi h\u1ea1n s\u1ed1 ti\u1ec1n ho\u00e0n tr\u1ea3 \u2013 b\u1ea1n c\u00e0ng ch\u01a1i nhi\u1ec1u, c\u00e0ng nh\u1eadn l\u1ea1i nhi\u1ec1u. Ti\u1ec1n ho\u00e0n tr\u1ea3 s\u1ebd \u0111\u01b0\u1ee3c c\u1eadp nh\u1eadt t\u1ef1 \u0111\u1ed9ng v\u00e0o t\u00e0i kho\u1ea3n v\u00e0o \u0111\u1ea7u m\u1ed7i tu\u1ea7n, gi\u00fap b\u1ea1n c\u00f3 th\u00eam v\u1ed1n \u0111\u1ec3 b\u1eaft \u0111\u1ea7u tu\u1ea7n m\u1edbi.<\/p>\n<p>H\u00e3y h\u00ecnh dung: n\u1ebfu b\u1ea1n c\u01b0\u1ee3c 1 tri\u1ec7u \u0111\u1ed3ng, b\u1ea1n s\u1ebd nh\u1eadn l\u1ea1i 200.000 VND v\u00e0o t\u00e0i kho\u1ea3n. So v\u1edbi m\u1eb7t b\u1eb1ng chung, t\u1ef7 l\u1ec7 ho\u00e0n tr\u1ea3 c\u1ee7a Jun 88 cao h\u01a1n \u0111\u00e1ng k\u1ec3 so v\u1edbi c\u00e1c nh\u00e0 c\u00e1i kh\u00e1c, gi\u00fap b\u1ea1n c\u00f3 th\u00eam ngu\u1ed3n v\u1ed1n \u0111\u1ec3 ti\u1ebfp t\u1ee5c soi k\u00e8o t\u00e0i x\u1ec9u. \u0110\u00e2y l\u00e0 m\u1ed9t trong nh\u1eefng l\u00fd do khi\u1ebfn Jun 88 \u0111\u01b0\u1ee3c \u0111\u00f4ng \u0111\u1ea3o ng\u01b0\u1eddi ch\u01a1i tin t\u01b0\u1edfng. \u0110\u1ec3 nh\u1eadn \u01b0u \u0111\u00e3i, h\u00e3y \u0111\u0103ng nh\u1eadp v\u00e0 tham gia ngay t\u1ea1i Jun 88.<\/p>\n<h2>C\u00e2u H\u1ecfi Th\u01b0\u1eddng G\u1eb7p<\/h2>\n<p>Gi\u1ea3i \u0111\u00e1p nhanh nh\u1eefng th\u1eafc m\u1eafc th\u01b0\u1eddng g\u1eb7p v\u1ec1 soi k\u00e8o t\u00e0i x\u1ec9u t\u1ea1i Jun88.<\/p>\n<p>a. Soi k\u00e8o t\u00e0i x\u1ec9u l\u00e0 g\u00ec? \u0110\u00e2y l\u00e0 h\u00ecnh th\u1ee9c d\u1ef1 \u0111o\u00e1n t\u1ed5ng s\u1ed1 b\u00e0n th\u1eafng c\u1ee7a tr\u1eadn \u0111\u1ea5u cao hay th\u1ea5p h\u01a1n m\u1ee9c nh\u00e0 c\u00e1i \u0111\u01b0a ra. B\u1ea1n \u0111\u1eb7t c\u01b0\u1ee3c T\u00e0i n\u1ebfu cho r\u1eb1ng t\u1ed5ng b\u00e0n th\u1eafng l\u1edbn h\u01a1n, X\u1ec9u n\u1ebfu nh\u1ecf h\u01a1n.<\/p>\n<p>b. C\u00e1ch soi k\u00e8o t\u00e0i x\u1ec9u t\u1ea1i Jun88? \u0110\u1ec3 th\u1ef1c hi\u1ec7n soi k\u00e8o t\u00e0i x\u1ec9u Jun88, b\u1ea1n truy c\u1eadp website, ch\u1ecdn tr\u1eadn \u0111\u1ea5u, ph\u00e2n t\u00edch phong \u0111\u1ed9 v\u00e0 l\u1ecbch s\u1eed \u0111\u1ed1i \u0111\u1ea7u tr\u01b0\u1edbc khi \u0111\u1eb7t c\u01b0\u1ee3c.<\/p>\n<p>c. Ch\u01a1i t\u1ea1i Jun88 c\u00f3 an to\u00e0n kh\u00f4ng? Theo th\u00f4ng tin \u0111\u01b0\u1ee3c c\u00f4ng b\u1ed1 tr\u00ean website, nh\u00e0 c\u00e1i \u00e1p d\u1ee5ng c\u00f4ng ngh\u1ec7 b\u1ea3o m\u1eadt ti\u00ean ti\u1ebfn, \u0111\u1ea3m b\u1ea3o th\u00f4ng tin c\u00e1 nh\u00e2n v\u00e0 giao d\u1ecbch c\u1ee7a ng\u01b0\u1eddi ch\u01a1i.<\/p>\n<p>d. Ho\u00e0n tr\u1ea3 20% \u0111\u01b0\u1ee3c \u00e1p d\u1ee5ng th\u1ebf n\u00e0o? Ch\u01b0\u01a1ng tr\u00ecnh ho\u00e0n tr\u1ea3 20% \u0111\u01b0\u1ee3c nh\u00e0 c\u00e1i \u00e1p d\u1ee5ng cho c\u00e1c c\u01b0\u1ee3c thua trong m\u1ed9t s\u1ed1 s\u1ea3n ph\u1ea9m. B\u1ea1n n\u00ean ki\u1ec3m tra chi ti\u1ebft tr\u00ean trang khuy\u1ebfn m\u00e3i \u0111\u1ec3 bi\u1ebft \u0111i\u1ec1u ki\u1ec7n c\u1ee5 th\u1ec3.<\/p>\n<p>e. L\u00e0m sao li\u00ean h\u1ec7 h\u1ed7 tr\u1ee3 kh\u00e1ch h\u00e0ng? B\u1ea1n c\u00f3 th\u1ec3 li\u00ean h\u1ec7 qua chat tr\u1ef1c tuy\u1ebfn, email ho\u1eb7c hotline (n\u1ebfu c\u00f3). Th\u1eddi gian x\u1eed l\u00fd c\u00f3 th\u1ec3 thay \u0111\u1ed5i t\u00f9y t\u1eebng tr\u01b0\u1eddng h\u1ee3p.<\/p>\n<h2>B\u1eaft \u0110\u1ea7u Ngay V\u1edbi Jun88<\/h2>\n<figure class=\"article-image\" style=\"text-align:center;margin:20px auto\">\n<img decoding=\"async\" src=\"https:\/\/jun88vi.io\/wp-content\/uploads\/2026\/05\/chinh-sach-hoan-tra-20-hap-dan-tai-jun88-soi-keo-tai-xiu.webp\" alt=\"Ch\u00ednh s\u00e1ch ho\u00e0n tr\u1ea3 20% h\u1ea5p d\u1eabn t\u1ea1i Jun88\" title=\"chinh-sach-hoan-tra-20-hap-dan-tai-jun88\" loading=\"lazy\" style=\"display:block;margin-left:auto;margin-right:auto;max-width:100%;height:auto\"><figcaption style=\"text-align:center\">Ch\u00ednh s\u00e1ch ho\u00e0n tr\u1ea3 20% h\u1ea5p d\u1eabn t\u1ea1i Jun88<\/figcaption><\/figure>\n<p>Jun88 ho\u00e0n tr\u1ea3 20% m\u1ed7i tu\u1ea7n gi\u00fap b\u1ea1n an t\u00e2m \u0111\u1eb7t c\u01b0\u1ee3c<\/p>\n<p>B\u1ea1n \u0111\u00e3 c\u00f3 trong tay nh\u1eefng b\u00ed quy\u1ebft soi k\u00e8o t\u00e0i x\u1ec9u Jun88 hi\u1ec7u qu\u1ea3. Gi\u1edd l\u00e0 l\u00fac h\u00e0nh \u0111\u1ed9ng! \u0110\u0103ng k\u00fd t\u00e0i kho\u1ea3n ngay h\u00f4m nay \u0111\u1ec3 tr\u1ea3i nghi\u1ec7m th\u1ebf gi\u1edbi c\u00e1 c\u01b0\u1ee3c \u0111\u1ec9nh cao c\u00f9ng Jun88. D\u01b0\u1edbi \u0111\u00e2y l\u00e0 nh\u1eefng l\u00fd do b\u1ea1n kh\u00f4ng n\u00ean ch\u1ea7n ch\u1eeb:<\/p>\n<ol>\n<li>Ho\u00e0n tr\u1ea3 20% \u2013 Nh\u00e0 c\u00e1i Jun 88 mang \u0111\u1ebfn ch\u00ednh s\u00e1ch ho\u00e0n tr\u1ea3 h\u1ea5p d\u1eabn, gi\u00fap b\u1ea1n an t\u00e2m h\u01a1n m\u1ed7i l\u1ea7n \u0111\u1eb7t c\u01b0\u1ee3c.<\/li>\n<li>\u00e1p d\u1ee5ng c\u00e1c bi\u1ec7n ph\u00e1p b\u1ea3o v\u1ec7 th\u00f4ng tin ph\u00f9 h\u1ee3p \u2013 M\u1ecdi th\u00f4ng tin v\u00e0 giao d\u1ecbch c\u1ee7a b\u1ea1n \u0111\u1ec1u, \u0111\u1ea3m b\u1ea3o an to\u00e0n 100%.<\/li>\n<li>trong khung gi\u1edd h\u1ed7 tr\u1ee3 \u0111\u01b0\u1ee3c c\u00f4ng b\u1ed1 \u2013 \u0110\u1ed9i ng\u0169 ch\u0103m s\u00f3c kh\u00e1ch h\u00e0ng chuy\u00ean nghi\u1ec7p lu\u00f4n s\u1eb5n s\u00e0ng gi\u1ea3i \u0111\u00e1p m\u1ecdi th\u1eafc m\u1eafc.<\/li>\n<\/ol>\n<p>\u0110\u1eebng b\u1ecf l\u1ee1 c\u01a1 h\u1ed9i, \u0111\u0103ng k\u00fd ngay h\u00f4m nay!<\/p>\n<p>B\u1ea1n \u0111\u00e3 s\u1eb5n s\u00e0ng \u00e1p d\u1ee5ng nh\u1eefng b\u00ed quy\u1ebft soi k\u00e8o t\u00e0i x\u1ec9u v\u1eeba h\u1ecdc? H\u00e3y truy c\u1eadp ngay Jun88 \u0111\u1ec3 tr\u1ea3i nghi\u1ec7m n\u1ec1n t\u1ea3ng c\u00e1 c\u01b0\u1ee3c uy t\u00edn h\u00e0ng \u0111\u1ea7u. T\u1ea1i \u0111\u00e2y, b\u1ea1n s\u1ebd t\u00ecm th\u1ea5y t\u1ef7 l\u1ec7 k\u00e8o over under c\u1ea1nh tranh, giao di\u1ec7n th\u00e2n thi\u1ec7n v\u00e0 nhi\u1ec1u ch\u01b0\u01a1ng tr\u00ecnh \u01b0u \u0111\u00e3i h\u1ea5p d\u1eabn. \u0110\u1eebng b\u1ecf l\u1ee1 c\u01a1 h\u1ed9i th\u1eafng l\u1edbn \u2013 tham gia c\u1ed9ng \u0111\u1ed3ng Jun 88 ngay h\u00f4m nay \u0111\u1ec3 c\u1eadp nh\u1eadt th\u00eam nhi\u1ec1u m\u1eb9o soi k\u00e8o t\u00e0i x\u1ec9u Jun88 hi\u1ec7u qu\u1ea3 t\u1eeb c\u00e1c chuy\u00ean gia. Ch\u00fac b\u1ea1n may m\u1eafn v\u00e0 th\u00e0nh c\u00f4ng!<\/p>\n<h2>C\u00e2u H\u1ecfi Th\u01b0\u1eddng G\u1eb7p V\u1ec1 Soi K\u00e8o T\u00e0i X\u1ec9u Jun88<\/h2>\n<p>Soi k\u00e8o t\u00e0i x\u1ec9u t\u1ea1i Jun88 c\u00f3 kh\u00f3 kh\u00f4ng? Kh\u00f4ng h\u1ec1 kh\u00f3. Jun88 cung c\u1ea5p b\u1ea3ng k\u00e8o tr\u1ef1c quan, t\u1ef7 l\u1ec7 c\u01b0\u1ee3c r\u00f5 r\u00e0ng c\u00f9ng nhi\u1ec1u c\u00f4ng c\u1ee5 h\u1ed7 tr\u1ee3 ph\u00e2n t\u00edch. Ch\u1ec9 c\u1ea7n n\u1eafm c\u00e1c y\u1ebfu t\u1ed1 c\u01a1 b\u1ea3n nh\u01b0 phong \u0111\u1ed9 \u0111\u1ed9i b\u00f3ng, l\u1ecbch s\u1eed \u0111\u1ed1i \u0111\u1ea7u l\u00e0 b\u1ea1n c\u00f3 th\u1ec3 t\u1ef1 tin \u0111\u1eb7t c\u01b0\u1ee3c.<\/p>\n<p>Jun88 c\u00f3 h\u1ed7 tr\u1ee3 soi k\u00e8o tr\u1ef1c ti\u1ebfp kh\u00f4ng? C\u00f3. Jun88 c\u1eadp nh\u1eadt k\u00e8o t\u00e0i x\u1ec9u live li\u00ean t\u1ee5c trong su\u1ed1t tr\u1eadn \u0111\u1ea5u, gi\u00fap b\u1ea1n b\u1eaft nh\u1ecbp di\u1ec5n bi\u1ebfn v\u00e0 \u0111\u01b0a ra quy\u1ebft \u0111\u1ecbnh ch\u00ednh x\u00e1c.<\/p>\n<p>L\u00e0m th\u1ebf n\u00e0o \u0111\u1ec3 tham gia c\u00e1 c\u01b0\u1ee3c t\u00e0i x\u1ec9u t\u1ea1i Jun88? B\u1ea1n ch\u1ec9 c\u1ea7n \u0111\u0103ng k\u00fd t\u00e0i kho\u1ea3n Jun88, n\u1ea1p ti\u1ec1n v\u00e0 ch\u1ecdn m\u1ee5c Th\u1ec3 thao. T\u1ea1i \u0111\u00e2y, b\u1ea1n t\u00ecm tr\u1eadn \u0111\u1ea5u y\u00eau th\u00edch, ch\u1ecdn k\u00e8o t\u00e0i x\u1ec9u v\u00e0 \u0111\u1eb7t c\u01b0\u1ee3c. H\u1ec7 th\u1ed1ng h\u01b0\u1edbng d\u1eabn chi ti\u1ebft t\u1eebng b\u01b0\u1edbc.<\/p>\n<h2>C\u00e2u h\u1ecfi th\u01b0\u1eddng g\u1eb7p<\/h2>\n<h3>Soi k\u00e8o t\u00e0i x\u1ec9u l\u00e0 g\u00ec?<\/h3>\n<p>Soi k\u00e8o t\u00e0i x\u1ec9u l\u00e0 lo\u1ea1i k\u00e8o c\u01b0\u1ee3c d\u1ef1a tr\u00ean t\u1ed5ng s\u1ed1 b\u00e0n th\u1eafng c\u1ee7a tr\u1eadn \u0111\u1ea5u. Ng\u01b0\u1eddi ch\u01a1i \u0111\u1eb7t T\u00e0i n\u1ebfu tin t\u1ed5ng b\u00e0n th\u1eafng cao h\u01a1n t\u1ef7 l\u1ec7 nh\u00e0 c\u00e1i \u0111\u01b0a ra, ho\u1eb7c X\u1ec9u n\u1ebfu th\u1ea5p h\u01a1n. \u0110\u00e2y l\u00e0 m\u1ed9t trong nh\u1eefng k\u00e8o ph\u1ed5 bi\u1ebfn nh\u1ea5t, c\u00f2n g\u1ecdi l\u00e0 k\u00e8o over under. \u0110\u1ec3 soi t\u00e0i x\u1ec9u b\u00f3ng \u0111\u00e1 hi\u1ec7u qu\u1ea3, b\u1ea1n c\u1ea7n ph\u00e2n t\u00edch phong \u0111\u1ed9 \u0111\u1ed9i b\u00f3ng, l\u1ecbch s\u1eed \u0111\u1ed1i \u0111\u1ea7u v\u00e0 t\u1ef7 l\u1ec7 odds. V\u00ed d\u1ee5, tr\u1eadn \u0111\u1ea5u c\u00f3 t\u1ef7 l\u1ec7 2.5, n\u1ebfu t\u1ed5ng b\u00e0n l\u00e0 3 tr\u1edf l\u00ean, T\u00e0i th\u1eafng.<\/p>\n<h3>L\u00e0m th\u1ebf n\u00e0o \u0111\u1ec3 soi k\u00e8o t\u00e0i x\u1ec9u t\u1ea1i Jun88?<\/h3>\n<p>\u0110\u1ec3 soi k\u00e8o t\u00e0i x\u1ec9u Jun88, tr\u01b0\u1edbc h\u1ebft b\u1ea1n c\u1ea7n \u0111\u0103ng k\u00fd t\u00e0i kho\u1ea3n t\u1ea1i Jun88. Sau \u0111\u00f3 n\u1ea1p ti\u1ec1n v\u00e0o v\u00ed, ch\u1ecdn m\u1ee5c Th\u1ec3 thao v\u00e0 t\u00ecm tr\u1eadn \u0111\u1ea5u y\u00eau th\u00edch. Xem b\u1ea3ng t\u1ef7 l\u1ec7 k\u00e8o, ch\u1ecdn k\u00e8o t\u00e0i x\u1ec9u (Over\/Under). Ph\u00e2n t\u00edch th\u00f4ng tin tr\u1eadn \u0111\u1ea5u nh\u01b0 phong \u0111\u1ed9, \u0111\u1ed9i h\u00ecnh, th\u1eddi ti\u1ebft. Cu\u1ed1i c\u00f9ng, nh\u1eadp s\u1ed1 ti\u1ec1n c\u01b0\u1ee3c v\u00e0 x\u00e1c nh\u1eadn. V\u1edbi n\u1ec1n t\u1ea3ng tr\u1ef1c quan c\u1ee7a Jun 88, vi\u1ec7c soi k\u00e8o tr\u1edf n\u00ean d\u1ec5 d\u00e0ng. H\u00e3y b\u1eaft \u0111\u1ea7u v\u1edbi s\u1ed1 v\u1ed1n nh\u1ecf \u0111\u1ec3 l\u00e0m quen.<\/p>\n<h3>Jun88 c\u00f3 uy t\u00edn v\u00e0 an to\u00e0n kh\u00f4ng?<\/h3>\n<p>Jun88 l\u00e0 nh\u00e0 c\u00e1i uy t\u00edn ho\u1ea1t \u0111\u1ed9ng h\u1ee3p ph\u00e1p, \u0111\u01b0\u1ee3c c\u1ea5p ph\u00e9p b\u1edfi t\u1ed5 ch\u1ee9c qu\u1ed1c t\u1ebf. H\u1ec7 th\u1ed1ng b\u1ea3o m\u1eadt \u0111a l\u1edbp \u0111\u1ea3m b\u1ea3o th\u00f4ng tin ng\u01b0\u1eddi ch\u01a1i an to\u00e0n. \u0110\u1ed9i ng\u0169 trong khung gi\u1edd h\u1ed7 tr\u1ee3 \u0111\u01b0\u1ee3c c\u00f4ng b\u1ed1 s\u1eb5n s\u00e0ng gi\u1ea3i \u0111\u00e1p m\u1ecdi th\u1eafc m\u1eafc. V\u1edbi c\u00f3 quy tr\u00ecnh h\u1ed7 tr\u1ee3 r\u00f5 r\u00e0ng, Jun 88 mang \u0111\u1ebfn s\u00e2n ch\u01a1i c\u00f4ng b\u1eb1ng v\u00e0 minh b\u1ea1ch. B\u1ea1n ho\u00e0n to\u00e0n y\u00ean t\u00e2m khi tham gia c\u00e1 c\u01b0\u1ee3c t\u1ea1i \u0111\u00e2y. H\u00e3y ki\u1ec3m tra gi\u1ea5y ph\u00e9p v\u00e0 \u0111\u00e1nh gi\u00e1 t\u1eeb c\u1ed9ng \u0111\u1ed3ng \u0111\u1ec3 th\u00eam tin t\u01b0\u1edfng.<\/p>\n<h3>Ch\u00ednh s\u00e1ch ho\u00e0n tr\u1ea3 20% ho\u1ea1t \u0111\u1ed9ng nh\u01b0 th\u1ebf n\u00e0o?<\/h3>\n<p>Ch\u00ednh s\u00e1ch ho\u00e0n tr\u1ea3 20% c\u1ee7a Jun88 \u00e1p d\u1ee5ng cho m\u1ecdi \u0111\u01a1n c\u01b0\u1ee3c thua trong ng\u00e0y. S\u1ed1 ti\u1ec1n ho\u00e0n s\u1ebd \u0111\u01b0\u1ee3c t\u00ednh d\u1ef1a tr\u00ean t\u1ed5ng thua th\u1ef1c t\u1ebf, t\u1ed1i \u0111a theo quy \u0111\u1ecbnh. Ti\u1ec1n ho\u00e0n tr\u1ea3 \u0111\u01b0\u1ee3c c\u1eadp nh\u1eadt v\u00e0o t\u00e0i kho\u1ea3n v\u00e0o 12h tr\u01b0a h\u00f4m sau. B\u1ea1n kh\u00f4ng c\u1ea7n \u0111\u0103ng k\u00fd, h\u1ec7 th\u1ed1ng t\u1ef1 \u0111\u1ed9ng \u00e1p d\u1ee5ng. \u0110\u00e2y l\u00e0 \u01b0u \u0111\u00e3i h\u1ea5p d\u1eabn gi\u00fap Jun 88 gi\u1ea3m r\u1ee7i ro cho ng\u01b0\u1eddi ch\u01a1i. L\u01b0u \u00fd: m\u1ed7i ch\u01b0\u01a1ng tr\u00ecnh c\u00f3 \u0111i\u1ec1u kho\u1ea3n ri\u00eang, b\u1ea1n n\u00ean \u0111\u1ecdc k\u1ef9 tr\u01b0\u1edbc khi tham gia.<\/p>\n<h3>L\u00e0m sao li\u00ean h\u1ec7 b\u1ed9 ph\u1eadn ch\u0103m s\u00f3c kh\u00e1ch h\u00e0ng?<\/h3>\n<p>B\u1ea1n c\u00f3 th\u1ec3 li\u00ean h\u1ec7 b\u1ed9 ph\u1eadn ch\u0103m s\u00f3c kh\u00e1ch h\u00e0ng c\u1ee7a Jun88 qua c\u00e1c k\u00eanh:<\/p>\n<p>a) Live chat tr\u1ef1c ti\u1ebfp tr\u00ean website, trong khung gi\u1edd h\u1ed7 tr\u1ee3 \u0111\u01b0\u1ee3c c\u00f4ng b\u1ed1.<\/p>\n<p>b) Hotline: g\u1ecdi \u0111i\u1ec7n trong gi\u1edd h\u00e0nh ch\u00ednh.<\/p>\n<p>c) Email: g\u1eedi th\u01b0 m\u00f4 t\u1ea3 v\u1ea5n \u0111\u1ec1, ph\u1ea3n h\u1ed3i trong 24h.<\/p>\n<p>d) Telegram, Zalo: k\u00eanh chat nhanh.<\/p>\n<p>\u0110\u1ed9i ng\u0169 CSKH c\u1ee7a Jun 88 th\u00e2n thi\u1ec7n v\u00e0 chuy\u00ean nghi\u1ec7p. B\u1ea1n s\u1ebd \u0111\u01b0\u1ee3c h\u1ed7 tr\u1ee3 v\u1ec1 t\u00e0i kho\u1ea3n, n\u1ea1p r\u00fat, hay th\u1eafc m\u1eafc v\u1ec1 k\u00e8o c\u01b0\u1ee3c. H\u00e3y ch\u1ecdn k\u00eanh ph\u00f9 h\u1ee3p nh\u1ea5t.<\/p>\n<p>Hy v\u1ecdng nh\u1eefng chia s\u1ebb tr\u00ean gi\u00fap b\u1ea1n hi\u1ec3u r\u00f5 h\u01a1n v\u1ec1 c\u00e1ch soi k\u00e8o t\u00e0i x\u1ec9u. N\u1ebfu b\u1ea1n \u0111ang t\u00ecm ki\u1ebfm m\u1ed9t nh\u00e0 c\u00e1i uy t\u00edn \u0111\u1ec3 b\u1eaft \u0111\u1ea7u, h\u00e3y c\u00e2n nh\u1eafc \u0111\u0103ng k\u00fd t\u1ea1i Jun88 \u0111\u1ec3 nh\u1eadn ngay \u01b0u \u0111\u00e3i ch\u00e0o m\u1eebng v\u00e0 tr\u1ea3i nghi\u1ec7m t\u1ef7 l\u1ec7 c\u01b0\u1ee3c h\u1ea5p d\u1eabn. Ch\u00fac b\u1ea1n may m\u1eafn!<\/p>\n","protected":false},"excerpt":{"rendered":"<p>Soi K\u00e8o T\u00e0i X\u1ec9u Jun88: B\u00ed Quy\u1ebft Th\u1eafng L\u1edbn M\u1edbi Nh\u1ea5t 2026 B\u1ea1n c\u00f3 bao gi\u1edd c\u1ea3m th\u1ea5y b\u1ed1i r\u1ed1i khi \u0111\u1ed1i di\u1ec7n v\u1edbi h\u00e0ng lo\u1ea1t k\u00e8o t\u00e0i x\u1ec9u tr\u00ean b\u1ea3ng t\u1ef7 l\u1ec7? \u0110\u00e2y l\u00e0 n\u1ed7i lo chung c\u1ee7a r\u1ea5t nhi\u1ec1u ng\u01b0\u1eddi ch\u01a1i c\u00e1 c\u01b0\u1ee3c b\u00f3ng \u0111\u00e1, \u0111\u1eb7c bi\u1ec7t l\u00e0 nh\u1eefng ai m\u1edbi b\u1eaft \u0111\u1ea7u. [&#8230;]\n","protected":false},"author":2,"featured_media":315,"parent":0,"menu_order":0,"comment_status":"closed","ping_status":"closed","template":"","meta":{"rank_math_title":"Soi K\u00e8o T\u00e0i X\u1ec9u Jun88: B\u00ed Quy\u1ebft Th\u1eafng L\u1edbn M\u1edbi Nh\u1ea5t 2026","rank_math_focus_keyword":"soi k\u00e8o t\u00e0i x\u1ec9u","rank_math_description":"","footnotes":""},"class_list":["post-34","page","type-page","status-publish","has-post-thumbnail","hentry"],"_links":{"self":[{"href":"https:\/\/jun88vi.io\/index.php\/wp-json\/wp\/v2\/pages\/34","targetHints":{"allow":["GET"]}}],"collection":[{"href":"https:\/\/jun88vi.io\/index.php\/wp-json\/wp\/v2\/pages"}],"about":[{"href":"https:\/\/jun88vi.io\/index.php\/wp-json\/wp\/v2\/types\/page"}],"author":[{"embeddable":true,"href":"https:\/\/jun88vi.io\/index.php\/wp-json\/wp\/v2\/users\/2"}],"replies":[{"embeddable":true,"href":"https:\/\/jun88vi.io\/index.php\/wp-json\/wp\/v2\/comments?post=34"}],"version-history":[{"count":1,"href":"https:\/\/jun88vi.io\/index.php\/wp-json\/wp\/v2\/pages\/34\/revisions"}],"predecessor-version":[{"id":336,"href":"https:\/\/jun88vi.io\/index.php\/wp-json\/wp\/v2\/pages\/34\/revisions\/336"}],"wp:featuredmedia":[{"embeddable":true,"href":"https:\/\/jun88vi.io\/index.php\/wp-json\/wp\/v2\/media\/315"}],"wp:attachment":[{"href":"https:\/\/jun88vi.io\/index.php\/wp-json\/wp\/v2\/media?parent=34"}],"curies":[{"name":"wp","href":"https:\/\/api.w.org\/{rel}","templated":true}]}}