{"id":35,"date":"2026-05-09T19:27:12","date_gmt":"2026-05-09T19:27:12","guid":{"rendered":"https:\/\/jun88vi.io\/index.php\/lich-thi-dau\/"},"modified":"2026-05-09T19:53:35","modified_gmt":"2026-05-09T19:53:35","slug":"lich-thi-dau","status":"publish","type":"page","link":"https:\/\/jun88vi.io\/index.php\/lich-thi-dau\/","title":{"rendered":"L\u1ecbch thi \u0111\u1ea5u"},"content":{"rendered":"<h1>L\u1ecbch thi \u0111\u1ea5u Jun88 &#8211; C\u1eadp nh\u1eadt l\u1ecbch b\u00f3ng \u0111\u00e1 h\u00f4m nay nhanh nh\u1ea5t<\/h1>\n<p>\u0110\u1ed1i v\u1edbi nh\u1eefng ai \u0111am m\u00ea c\u00e1 c\u01b0\u1ee3c th\u1ec3 thao, vi\u1ec7c theo d\u00f5i s\u00e1t sao l\u1ecbch thi \u0111\u1ea5u l\u00e0 y\u1ebfu t\u1ed1 kh\u00f4ng th\u1ec3 thi\u1ebfu \u0111\u1ec3 \u0111\u01b0a ra quy\u1ebft \u0111\u1ecbnh \u0111\u1eb7t c\u01b0\u1ee3c ch\u00ednh x\u00e1c. T\u1ea1i <a href=\"https:\/\/jun88vi.io\">Jun88<\/a>, b\u1ea1n s\u1ebd d\u1ec5 d\u00e0ng tra c\u1ee9u l\u1ecbch thi \u0111\u1ea5u Jun88 c\u1eadp nh\u1eadt li\u00ean t\u1ee5c, bao g\u1ed3m l\u1ecbch b\u00f3ng \u0111\u00e1 h\u00f4m nay v\u00e0 l\u1ecbch thi \u0111\u1ea5u tr\u1ef1c tuy\u1ebfn c\u1ee7a nhi\u1ec1u gi\u1ea3i \u0111\u1ea5u l\u1edbn nh\u1ecf. Kh\u00f4ng ch\u1ec9 v\u1eady, th\u00f4ng tin chi ti\u1ebft v\u1ec1 t\u1eebng tr\u1eadn \u0111\u1ea5u c\u0169ng \u0111\u01b0\u1ee3c hi\u1ec3n th\u1ecb r\u00f5 r\u00e0ng, gi\u00fap b\u1ea1n ch\u1ee7 \u0111\u1ed9ng trong m\u1ecdi k\u00e8o c\u01b0\u1ee3c. B\u00e0i vi\u1ebft n\u00e0y s\u1ebd cung c\u1ea5p cho b\u1ea1n c\u00e1i nh\u00ecn t\u1ed5ng quan nh\u1ea5t v\u1ec1 h\u1ec7 th\u1ed1ng l\u1ecbch thi \u0111\u1ea5u t\u1ea1i nh\u00e0 c\u00e1i uy t\u00edn n\u00e0y.<\/p>\n<figure class=\"article-image\" style=\"text-align:center;margin:20px auto\">\n<img decoding=\"async\" src=\"https:\/\/jun88vi.io\/wp-content\/uploads\/2026\/05\/cac-san-pham-the-thao-noi-bat-cua-jun88-lich-thi-dau.webp\" alt=\"C\u00e1c s\u1ea3n ph\u1ea9m th\u1ec3 thao n\u1ed5i b\u1eadt c\u1ee7a Jun88\" title=\"cac-san-pham-the-thao-noi-bat-cua-jun88\" loading=\"lazy\" style=\"display:block;margin-left:auto;margin-right:auto;max-width:100%;height:auto\"><figcaption style=\"text-align:center\">C\u00e1c s\u1ea3n ph\u1ea9m th\u1ec3 thao n\u1ed5i b\u1eadt c\u1ee7a Jun88<\/figcaption><\/figure>\n<p>Jun88 cung c\u1ea5p c\u00e1 c\u01b0\u1ee3c \u0111a d\u1ea1ng v\u1edbi l\u1ecbch thi \u0111\u1ea5u chi ti\u1ebft<\/p>\n<h2>Gi\u1edbi thi\u1ec7u Jun88 l\u00e0 ai<\/h2>\n<p>Jun88 l\u00e0 m\u1ed9t nh\u00e0 c\u00e1i tr\u1ef1c tuy\u1ebfn uy t\u00edn, chuy\u00ean cung c\u1ea5p c\u00e1c d\u1ecbch v\u1ee5 c\u00e1 c\u01b0\u1ee3c th\u1ec3 thao ch\u1ea5t l\u01b0\u1ee3ng cao. V\u1edbi h\u1ec7 th\u1ed1ng l\u1ecbch thi \u0111\u1ea5u Jun88 \u0111\u01b0\u1ee3c c\u1eadp nh\u1eadt li\u00ean t\u1ee5c, ng\u01b0\u1eddi ch\u01a1i d\u1ec5 d\u00e0ng theo d\u00f5i l\u1ecbch b\u00f3ng \u0111\u00e1 h\u00f4m nay v\u00e0 c\u00e1c gi\u1ea3i \u0111\u1ea5u l\u1edbn tr\u00ean to\u00e0n th\u1ebf gi\u1edbi nh\u01b0 Ngo\u1ea1i h\u1ea1ng Anh, La Liga, Champions League. T\u00ednh n\u0103ng l\u1ecbch thi \u0111\u1ea5u tr\u1ef1c tuy\u1ebfn t\u1ea1i nh\u00e0 c\u00e1i n\u00e0y gi\u00fap b\u1ea1n kh\u00f4ng b\u1ecf l\u1ee1 b\u1ea5t k\u1ef3 tr\u1eadn c\u1ea7u n\u00e0o, t\u1eeb \u0111\u00f3 \u0111\u01b0a ra quy\u1ebft \u0111\u1ecbnh \u0111\u1eb7t c\u01b0\u1ee3c ch\u00ednh x\u00e1c. H\u00e3y truy c\u1eadp Jun88 \u0111\u1ec3 tr\u1ea3i nghi\u1ec7m ngay h\u00f4m nay.<\/p>\n<h2>S\u1ea3n ph\u1ea9m n\u1ed5i b\u1eadt c\u1ee7a Jun88<\/h2>\n<p><strong>Jun88<\/strong> cung c\u1ea5p \u0111a d\u1ea1ng s\u1ea3n ph\u1ea9m gi\u1ea3i tr\u00ed tr\u1ef1c tuy\u1ebfn, trong \u0111\u00f3 n\u1ed5i b\u1eadt l\u00e0 c\u00e1 c\u01b0\u1ee3c th\u1ec3 thao. V\u1edbi l\u1ecbch thi \u0111\u1ea5u Jun88, ng\u01b0\u1eddi ch\u01a1i d\u1ec5 d\u00e0ng theo d\u00f5i c\u00e1c tr\u1eadn \u0111\u1ea5u t\u1eeb nhi\u1ec1u b\u1ed9 m\u00f4n kh\u00e1c nhau.<\/p>\n<p>B\u00ean c\u1ea1nh th\u1ec3 thao, Jun88 c\u00f2n c\u00f3 casino tr\u1ef1c ti\u1ebfp, slot game, b\u1eafn c\u00e1 v\u00e0 x\u1ed5 s\u1ed1. \u0110\u1eb7c bi\u1ec7t, m\u1ee5c th\u1ec3 thao quy t\u1ee5 c\u00e1c b\u1ed9 m\u00f4n nh\u01b0 b\u00f3ng \u0111\u00e1, tennis, b\u00f3ng r\u1ed5, e-sports, mang \u0111\u1ebfn tr\u1ea3i nghi\u1ec7m l\u1ecbch thi \u0111\u1ea5u tr\u1ef1c tuy\u1ebfn phong ph\u00fa.<\/p>\n<ol>\n<li>C\u00e1 c\u01b0\u1ee3c th\u1ec3 thao (b\u00f3ng \u0111\u00e1, tennis, b\u00f3ng r\u1ed5, e-sports)<\/li>\n<li>Casino tr\u1ef1c ti\u1ebfp<\/li>\n<li>Slot game<\/li>\n<li>B\u1eafn c\u00e1<\/li>\n<li>X\u1ed5 s\u1ed1<\/li>\n<\/ol>\n<p>| Gi\u1ea3i \u0111\u1ea5u | Th\u1eddi gian | \u0110\u1ed9i \u0111\u1ea5u | T\u1ef7 l\u1ec7 |<\/p>\n<p>|&#8212;|&#8212;|&#8212;|&#8212;|<\/p>\n<p>| Premier League | 20:00 12\/05 | Man City vs Arsenal | 1.80 &#8211; 3.50 &#8211; 4.20 |<\/p>\n<p>| La Liga | 22:00 12\/05 | Barcelona vs Real Madrid | 2.10 &#8211; 3.40 &#8211; 3.10 |<\/p>\n<p>| NBA | 07:30 13\/05 | Lakers vs Celtics | 1.90 &#8211; 1.90 |<\/p>\n<h2>L\u1ee3i \u00edch khi ch\u01a1i Jun88<\/h2>\n<figure class=\"article-image\" style=\"text-align:center;margin:20px auto\">\n<img decoding=\"async\" src=\"https:\/\/jun88vi.io\/wp-content\/uploads\/2026\/05\/cac-san-pham-the-thao-noi-bat-cua-jun88-lich-thi-dau-1.webp\" alt=\"C\u00e1c s\u1ea3n ph\u1ea9m th\u1ec3 thao n\u1ed5i b\u1eadt c\u1ee7a Jun88\" title=\"cac-san-pham-the-thao-noi-bat-cua-jun88\" loading=\"lazy\" style=\"display:block;margin-left:auto;margin-right:auto;max-width:100%;height:auto\"><figcaption style=\"text-align:center\">C\u00e1c s\u1ea3n ph\u1ea9m th\u1ec3 thao n\u1ed5i b\u1eadt c\u1ee7a Jun88<\/figcaption><\/figure>\n<p>Jun88 cung c\u1ea5p c\u00e1 c\u01b0\u1ee3c \u0111a d\u1ea1ng v\u1edbi l\u1ecbch thi \u0111\u1ea5u chi ti\u1ebft<\/p>\n<p>Jun88 mang \u0111\u1ebfn cho ng\u01b0\u1eddi ch\u01a1i nhi\u1ec1u l\u1ee3i \u00edch v\u01b0\u1ee3t tr\u1ed9i, \u0111\u1eb7c bi\u1ec7t trong vi\u1ec7c theo d\u00f5i v\u00e0 c\u1eadp nh\u1eadt l\u1ecbch b\u00f3ng \u0111\u00e1 h\u00f4m nay. D\u01b0\u1edbi \u0111\u00e2y l\u00e0 nh\u1eefng \u0111i\u1ec3m n\u1ed5i b\u1eadt:<\/p>\n<p>a. C\u1eadp nh\u1eadt l\u1ecbch thi \u0111\u1ea5u nhanh ch\u00f3ng, ch\u00ednh x\u00e1c: B\u1ea3ng l\u1ecbch \u0111\u01b0\u1ee3c c\u1eadp nh\u1eadt li\u00ean t\u1ee5c, gi\u00fap b\u1ea1n kh\u00f4ng b\u1ecf l\u1ee1 b\u1ea5t k\u1ef3 tr\u1eadn \u0111\u1ea5u n\u00e0o v\u00e0 c\u00f3 th\u1ec3 \u0111\u1eb7t c\u01b0\u1ee3c k\u1ecbp th\u1eddi.<\/p>\n<p>b. Giao di\u1ec7n th\u00e2n thi\u1ec7n, d\u1ec5 theo d\u00f5i: B\u1ed1 c\u1ee5c r\u00f5 r\u00e0ng, th\u00f4ng tin hi\u1ec3n th\u1ecb tr\u1ef1c quan, ph\u00f9 h\u1ee3p cho c\u1ea3 ng\u01b0\u1eddi m\u1edbi l\u1eabn ng\u01b0\u1eddi ch\u01a1i l\u00e2u n\u0103m.<\/p>\n<p>c. Nhi\u1ec1u ch\u01b0\u01a1ng tr\u00ecnh khuy\u1ebfn m\u00e3i, ho\u00e0n tr\u1ea3: <a href=\"https:\/\/jun88vi.io\">Jun 88<\/a> th\u01b0\u1eddng xuy\u00ean tri\u1ec3n khai c\u00e1c \u01b0u \u0111\u00e3i h\u1ea5p d\u1eabn, gia t\u0103ng gi\u00e1 tr\u1ecb cho ng\u01b0\u1eddi ch\u01a1i trong m\u1ed7i l\u1ea7n tham gia.<\/p>\n<h2>Ch\u0103m s\u00f3c kh\u00e1ch h\u00e0ng<\/h2>\n<p>T\u1ea1i Jun88, d\u1ecbch v\u1ee5 ch\u0103m s\u00f3c kh\u00e1ch h\u00e0ng lu\u00f4n \u0111\u01b0\u1ee3c \u0111\u1eb7t l\u00ean h\u00e0ng \u0111\u1ea7u. Nh\u00e0 c\u00e1i Jun 88 cung c\u1ea5p k\u00eanh trong khung gi\u1edd h\u1ed7 tr\u1ee3 \u0111\u01b0\u1ee3c c\u00f4ng b\u1ed1 qua chat tr\u1ef1c tuy\u1ebfn, email v\u00e0 hotline, gi\u00fap b\u1ea1n gi\u1ea3i \u0111\u00e1p m\u1ecdi th\u1eafc m\u1eafc nhanh ch\u00f3ng. \u0110\u1ed9i ng\u0169 nh\u00e2n vi\u00ean chuy\u00ean nghi\u1ec7p, am hi\u1ec3u v\u1ec1 c\u00e1c s\u1ef1 ki\u1ec7n th\u1ec3 thao v\u00e0 l\u1ecbch thi \u0111\u1ea5u Jun88, s\u1eb5n s\u00e0ng h\u1ed7 tr\u1ee3 b\u1ea1n t\u1eeb vi\u1ec7c tra c\u1ee9u l\u1ecbch b\u00f3ng \u0111\u00e1 h\u00f4m nay \u0111\u1ebfn h\u01b0\u1edbng d\u1eabn \u0111\u1eb7t c\u01b0\u1ee3c. V\u1edbi ph\u01b0\u01a1ng ch\u00e2m t\u1eadn t\u00e2m, ch\u00fang t\u00f4i cam k\u1ebft mang \u0111\u1ebfn tr\u1ea3i nghi\u1ec7m t\u1ed1t nh\u1ea5t cho ng\u01b0\u1eddi ch\u01a1i.<\/p>\n<p>B\u1ea1n c\u00f3 th\u1ec3 li\u00ean h\u1ec7 b\u1ed9 ph\u1eadn h\u1ed7 tr\u1ee3 b\u1ea5t k\u1ef3 l\u00fac n\u00e0o \u0111\u1ec3 \u0111\u01b0\u1ee3c t\u01b0 v\u1ea5n v\u1ec1 l\u1ecbch thi \u0111\u1ea5u tr\u1ef1c tuy\u1ebfn ho\u1eb7c c\u00e1c v\u1ea5n \u0111\u1ec1 li\u00ean quan \u0111\u1ebfn t\u00e0i kho\u1ea3n. Th\u1eddi gian ph\u1ea3n h\u1ed3i nhanh ch\u00f3ng, gi\u00fap b\u1ea1n kh\u00f4ng b\u1ecf l\u1ee1 c\u01a1 h\u1ed9i \u0111\u1eb7t c\u01b0\u1ee3c. Ngo\u00e0i ra, \u0111\u1ed9i ng\u0169 h\u1ed7 tr\u1ee3 c\u00f2n gi\u00fap b\u1ea1n gi\u1ea3i quy\u1ebft c\u00e1c s\u1ef1 c\u1ed1 k\u1ef9 thu\u1eadt trong qu\u00e1 tr\u00ecnh s\u1eed d\u1ee5ng, \u0111\u1ea3m b\u1ea3o m\u1ecdi giao d\u1ecbch di\u1ec5n ra su\u00f4n s\u1ebb.<\/p>\n<p>Ch\u00fang t\u00f4i lu\u00f4n s\u1eb5n s\u00e0ng l\u1eafng nghe v\u00e0 h\u1ed7 tr\u1ee3 b\u1ea1n trong khung gi\u1edd h\u1ed7 tr\u1ee3 \u0111\u01b0\u1ee3c c\u00f4ng b\u1ed1. H\u00e3y li\u00ean h\u1ec7 ngay v\u1edbi ch\u00fang t\u00f4i n\u1ebfu b\u1ea1n c\u00f3 b\u1ea5t k\u1ef3 c\u00e2u h\u1ecfi n\u00e0o v\u1ec1 l\u1ecbch thi \u0111\u1ea5u ho\u1eb7c c\u1ea7n h\u1ed7 tr\u1ee3 \u0111\u1eb7t c\u01b0\u1ee3c. \u0110\u1ed9i ng\u0169 ch\u0103m s\u00f3c kh\u00e1ch h\u00e0ng c\u1ee7a Jun88 lu\u00f4n mong mu\u1ed1n mang \u0111\u1ebfn s\u1ef1 h\u00e0i l\u00f2ng t\u1ed1i \u0111a cho b\u1ea1n.<\/p>\n<h2>Jun88 b\u1ea3o m\u1eadt<\/h2>\n<figure class=\"article-image\" style=\"text-align:center;margin:20px auto\">\n<img decoding=\"async\" src=\"https:\/\/jun88vi.io\/wp-content\/uploads\/2026\/05\/loi-ich-khi-choi-jun88-cap-nhat-nhanh-gi-lich-thi-dau.webp\" alt=\"L\u1ee3i \u00edch khi ch\u01a1i Jun88: c\u1eadp nh\u1eadt nhanh, giao di\u1ec7n th\u00e2n thi\u1ec7n\" title=\"loi-ich-khi-choi-jun88-cap-nhat-nhanh-giao-dien-than-thien\" loading=\"lazy\" style=\"display:block;margin-left:auto;margin-right:auto;max-width:100%;height:auto\"><figcaption style=\"text-align:center\">L\u1ee3i \u00edch khi ch\u01a1i Jun88: c\u1eadp nh\u1eadt nhanh, giao di\u1ec7n th\u00e2n thi\u1ec7n<\/figcaption><\/figure>\n<p>Jun88 mang \u0111\u1ebfn tr\u1ea3i nghi\u1ec7m c\u00e1 c\u01b0\u1ee3c ti\u1ec7n l\u1ee3i v\u00e0 nhi\u1ec1u \u01b0u \u0111\u00e3i<\/p>\n<p>Khi tham gia c\u00e1 c\u01b0\u1ee3c tr\u1ef1c tuy\u1ebfn, v\u1ea5n \u0111\u1ec1 b\u1ea3o m\u1eadt th\u00f4ng tin lu\u00f4n \u0111\u01b0\u1ee3c ng\u01b0\u1eddi ch\u01a1i \u0111\u1eb7c bi\u1ec7t quan t\u00e2m. Jun88 \u00e1p d\u1ee5ng nhi\u1ec1u bi\u1ec7n ph\u00e1p \u0111\u1ec3 \u0111\u1ea3m b\u1ea3o an to\u00e0n cho d\u1eef li\u1ec7u c\u00e1 nh\u00e2n v\u00e0 giao d\u1ecbch c\u1ee7a b\u1ea1n. D\u01b0\u1edbi \u0111\u00e2y l\u00e0 nh\u1eefng \u0111i\u1ec3m n\u1ed5i b\u1eadt trong ch\u00ednh s\u00e1ch b\u1ea3o m\u1eadt c\u1ee7a nh\u00e0 c\u00e1i:<\/p>\n<ol>\n<li>C\u00f4ng ngh\u1ec7 \u00e1p d\u1ee5ng c\u00e1c bi\u1ec7n ph\u00e1p b\u1ea3o v\u1ec7 th\u00f4ng tin ph\u00f9 h\u1ee3p: To\u00e0n b\u1ed9 th\u00f4ng tin truy\u1ec1n \u0111i gi\u1eefa ng\u01b0\u1eddi d\u00f9ng v\u00e0 h\u1ec7 th\u1ed1ng b\u1eb1ng giao th\u1ee9c SSL, ng\u0103n ch\u1eb7n truy c\u1eadp tr\u00e1i ph\u00e9p t\u1eeb b\u00ean th\u1ee9 ba.<\/li>\n<li>Ch\u00ednh s\u00e1ch b\u1ea3o m\u1eadt nghi\u00eam ng\u1eb7t: D\u1eef li\u1ec7u c\u1ee7a ng\u01b0\u1eddi ch\u01a1i \u0111\u01b0\u1ee3c l\u01b0u tr\u1eef v\u00e0 x\u1eed l\u00fd theo quy tr\u00ecnh b\u1ea3o m\u1eadt ch\u1eb7t ch\u1ebd, tu\u00e2n th\u1ee7 c\u00e1c ti\u00eau chu\u1ea9n qu\u1ed1c t\u1ebf.<\/li>\n<li>Cam k\u1ebft kh\u00f4ng chia s\u1ebb th\u00f4ng tin: Jun88 c\u00f3 ch\u00ednh s\u00e1ch r\u00f5 r\u00e0ng v\u1ec1 vi\u1ec7c kh\u00f4ng ti\u1ebft l\u1ed9 th\u00f4ng tin kh\u00e1ch h\u00e0ng cho b\u00ean th\u1ee9 ba khi ch\u01b0a c\u00f3 s\u1ef1 \u0111\u1ed3ng \u00fd, tr\u1eeb tr\u01b0\u1eddng h\u1ee3p ph\u00e1p lu\u1eadt y\u00eau c\u1ea7u.<\/li>\n<\/ol>\n<p>Nh\u1edd nh\u1eefng bi\u1ec7n ph\u00e1p n\u00e0y, ng\u01b0\u1eddi ch\u01a1i c\u00f3 th\u1ec3 ho\u00e0n to\u00e0n y\u00ean t\u00e2m khi tham gia c\u00e1c ho\u1ea1t \u0111\u1ed9ng gi\u1ea3i tr\u00ed t\u1ea1i Jun 88. Tuy nhi\u00ean, \u0111\u1ec3 \u0111\u1ea3m b\u1ea3o an to\u00e0n t\u1ed1i \u0111a, b\u1ea1n n\u00ean t\u1ef1 b\u1ea3o v\u1ec7 th\u00f4ng tin t\u00e0i kho\u1ea3n c\u1ee7a m\u00ecnh v\u00e0 ch\u1ec9 truy c\u1eadp qua c\u00e1c k\u00eanh ch\u00ednh th\u1ee9c.<\/p>\n<h2>Ho\u00e0n tr\u1ea3 20%<\/h2>\n<p>Jun88 tri\u1ec3n khai ch\u01b0\u01a1ng tr\u00ecnh ho\u00e0n tr\u1ea3 20% \u0111\u1ea7y h\u1ea5p d\u1eabn, \u00e1p d\u1ee5ng cho m\u1ecdi th\u00e0nh vi\u00ean m\u00e0 kh\u00f4ng gi\u1edbi h\u1ea1n s\u1ea3n ph\u1ea9m hay s\u1ed1 ti\u1ec1n c\u01b0\u1ee3c. \u0110\u00e2y l\u00e0 c\u01a1 h\u1ed9i \u0111\u1ec3 b\u1ea1n nh\u1eadn l\u1ea1i m\u1ed9t ph\u1ea7n v\u1ed1n m\u1ed7i khi tham gia c\u00e1 c\u01b0\u1ee3c. \u0110\u1eebng b\u1ecf l\u1ee1 \u01b0u \u0111\u00e3i n\u00e0y \u2013 h\u00e3y tham gia ngay t\u1ea1i Jun 88.<\/p>\n<p>a. Ho\u00e0n tr\u1ea3 20% cho t\u1ea5t c\u1ea3 th\u00e0nh vi\u00ean, kh\u00f4ng y\u00eau c\u1ea7u \u0111i\u1ec1u ki\u1ec7n ph\u1ee9c t\u1ea1p.<\/p>\n<p>b. \u00c1p d\u1ee5ng tr\u00ean to\u00e0n b\u1ed9 s\u1ea3n ph\u1ea9m th\u1ec3 thao, casino, slot v\u00e0 nhi\u1ec1u tr\u00f2 ch\u01a1i kh\u00e1c.<\/p>\n<p>c. C\u00e1ch nh\u1eadn ho\u00e0n tr\u1ea3 \u0111\u01a1n gi\u1ea3n: h\u1ec7 th\u1ed1ng t\u1ef1 \u0111\u1ed9ng c\u1eadp nh\u1eadt v\u00e0o t\u00e0i kho\u1ea3n m\u1ed7i ng\u00e0y.<\/p>\n<h2>C\u00e2u h\u1ecfi th\u01b0\u1eddng g\u1eb7p<\/h2>\n<figure class=\"article-image\" style=\"text-align:center;margin:20px auto\">\n<img decoding=\"async\" src=\"https:\/\/jun88vi.io\/wp-content\/uploads\/2026\/05\/chuong-trinh-hoan-tra-20-tai-jun88-lich-thi-dau.webp\" alt=\"Ch\u01b0\u01a1ng tr\u00ecnh ho\u00e0n tr\u1ea3 20% t\u1ea1i Jun88\" title=\"chuong-trinh-hoan-tra-20-tai-jun88\" loading=\"lazy\" style=\"display:block;margin-left:auto;margin-right:auto;max-width:100%;height:auto\"><figcaption style=\"text-align:center\">Ch\u01b0\u01a1ng tr\u00ecnh ho\u00e0n tr\u1ea3 20% t\u1ea1i Jun88<\/figcaption><\/figure>\n<p>Nh\u1eadn ho\u00e0n tr\u1ea3 20% m\u1ed7i ng\u00e0y khi tham gia c\u00e1 c\u01b0\u1ee3c t\u1ea1i Jun88<\/p>\n<p><p><strong>1. L\u00e0m th\u1ebf n\u00e0o \u0111\u1ec3 xem v\u00e0 c\u1eadp nh\u1eadt <strong>l\u1ecbch thi \u0111\u1ea5u Jun88<\/strong> m\u1edbi nh\u1ea5t?<\/strong><br \/>B\u1ea1n ch\u1ec9 c\u1ea7n truy c\u1eadp m\u1ee5c l\u1ecbch thi \u0111\u1ea5u tr\u00ean website. T\u1ea1i \u0111\u00e2y, m\u1ecdi th\u00f4ng tin \u0111\u1ec1u \u0111\u01b0\u1ee3c c\u1eadp nh\u1eadt li\u00ean t\u1ee5c, \u0111\u1eb7c bi\u1ec7t v\u1edbi c\u00e1c gi\u1ea3i b\u00f3ng \u0111\u00e1 l\u1edbn trong ng\u00e0y.<\/p>\n<p><strong>2. T\u00f4i c\u00f3 th\u1ec3 s\u1eed d\u1ee5ng m\u1ed9t t\u00e0i kho\u1ea3n \u0111\u1ec3 tham gia nhi\u1ec1u s\u1ea3n ph\u1ea9m t\u1ea1i Jun88 kh\u00f4ng?<\/strong><br \/>Ch\u1ec9 c\u1ea7n m\u1ed9t t\u00e0i kho\u1ea3n duy nh\u1ea5t, b\u1ea1n c\u00f3 th\u1ec3 tr\u1ea3i nghi\u1ec7m to\u00e0n b\u1ed9 s\u1ea3n ph\u1ea9m nh\u01b0 c\u00e1 c\u01b0\u1ee3c th\u1ec3 thao, casino, x\u1ed5 s\u1ed1 t\u1ea1i <a href=\"<a href=\"https:\/\/jun88vi.io\">https:\/\/jun88vi.io<\/a>&#8220;><strong>Jun88<\/strong><\/a> m\u00e0 kh\u00f4ng c\u1ea7n \u0111\u0103ng k\u00fd l\u1ea1i.<\/p>\n<p><strong>3. Khi g\u1eb7p v\u1ea5n \u0111\u1ec1 n\u1ea1p\/r\u00fat ti\u1ec1n, t\u00f4i n\u00ean l\u00e0m g\u00ec?<\/strong><br \/>N\u1ebfu g\u1eb7p kh\u00f3 kh\u0103n khi giao d\u1ecbch, b\u1ea1n h\u00e3y li\u00ean h\u1ec7 ngay b\u1ed9 ph\u1eadn h\u1ed7 tr\u1ee3 c\u1ee7a <a href=\"<a href=\"https:\/\/jun88vi.io\">https:\/\/jun88vi.io<\/a>&#8220;><strong>Jun 88<\/strong><\/a> \u0111\u1ec3 \u0111\u01b0\u1ee3c h\u01b0\u1edbng d\u1eabn v\u00e0 x\u1eed l\u00fd k\u1ecbp th\u1eddi.<\/p>\n<p><strong>4. Jun88 c\u00f3 ch\u00ednh s\u00e1ch ho\u00e0n tr\u1ea3 v\u00e0 khuy\u1ebfn m\u00e3i cho ng\u01b0\u1eddi ch\u01a1i kh\u00f4ng?<\/strong><br \/>Nh\u00e0 c\u00e1i th\u01b0\u1eddng xuy\u00ean tri\u1ec3n khai c\u00e1c ch\u01b0\u01a1ng tr\u00ecnh ho\u00e0n tr\u1ea3 h\u1ea5p d\u1eabn v\u00e0 nhi\u1ec1u \u01b0u \u0111\u00e3i d\u00e0nh cho th\u00e0nh vi\u00ean, chi ti\u1ebft s\u1ebd \u0111\u01b0\u1ee3c c\u1eadp nh\u1eadt t\u1ea1i m\u1ee5c khuy\u1ebfn m\u00e3i tr\u00ean website.<\/p>\n<\/p>\n<h2>C\u00e2u h\u1ecfi th\u01b0\u1eddng g\u1eb7p v\u1ec1 l\u1ecbch thi \u0111\u1ea5u Jun88<\/h2>\n<p>1. L\u00e0m th\u1ebf n\u00e0o \u0111\u1ec3 c\u1eadp nh\u1eadt l\u1ecbch thi \u0111\u1ea5u m\u1edbi nh\u1ea5t t\u1ea1i Jun88?<\/p>\n<p>B\u1ea1n c\u00f3 th\u1ec3 truy c\u1eadp m\u1ee5c L\u1ecbch thi \u0111\u1ea5u tr\u00ean trang ch\u1ee7 Jun88. L\u1ecbch \u0111\u01b0\u1ee3c c\u1eadp nh\u1eadt li\u00ean t\u1ee5c theo gi\u1edd qu\u1ed1c t\u1ebf, gi\u00fap b\u1ea1n kh\u00f4ng b\u1ecf l\u1ee1 b\u1ea5t k\u1ef3 tr\u1eadn \u0111\u1ea5u n\u00e0o.<\/p>\n<p>2. T\u00f4i c\u00f3 th\u1ec3 xem l\u1ecbch b\u00f3ng \u0111\u00e1 h\u00f4m nay \u1edf \u0111\u00e2u?<\/p>\n<p>T\u1ea1i Jun88, l\u1ecbch b\u00f3ng \u0111\u00e1 h\u00f4m nay hi\u1ec3n th\u1ecb chi ti\u1ebft t\u1eebng gi\u1ea3i \u0111\u1ea5u, gi\u1edd thi \u0111\u1ea5u v\u00e0 t\u1ef7 l\u1ec7 c\u01b0\u1ee3c \u0111i k\u00e8m, h\u1ed7 tr\u1ee3 b\u1ea1n \u0111\u01b0a ra quy\u1ebft \u0111\u1ecbnh \u0111\u1eb7t c\u01b0\u1ee3c ch\u00ednh x\u00e1c.<\/p>\n<h2>C\u00e2u h\u1ecfi th\u01b0\u1eddng g\u1eb7p<\/h2>\n<h3>L\u00e0m sao \u0111\u1ec3 xem l\u1ecbch thi \u0111\u1ea5u Jun88?<\/h3>\n<p>\u0110\u1ec3 xem l\u1ecbch thi \u0111\u1ea5u Jun88, b\u1ea1n truy c\u1eadp v\u00e0o m\u1ee5c &#8220;L\u1ecbch thi \u0111\u1ea5u&#8221; tr\u00ean trang ch\u1ee7 c\u1ee7a Jun88. T\u1ea1i \u0111\u00e2y, b\u1ea1n ch\u1ecdn b\u1ed9 m\u00f4n th\u1ec3 thao y\u00eau th\u00edch nh\u01b0 b\u00f3ng \u0111\u00e1, tennis, b\u00f3ng r\u1ed5\u2026 H\u1ec7 th\u1ed1ng s\u1ebd hi\u1ec3n th\u1ecb c\u00e1c tr\u1eadn \u0111\u1ea5u s\u1eafp di\u1ec5n ra k\u00e8m th\u00f4ng tin chi ti\u1ebft. B\u1ea1n c\u0169ng c\u00f3 th\u1ec3 l\u1ecdc theo ng\u00e0y ho\u1eb7c gi\u1ea3i \u0111\u1ea5u \u0111\u1ec3 t\u00ecm nhanh. \u0110\u00e2y l\u00e0 c\u00e1ch nhanh nh\u1ea5t \u0111\u1ec3 n\u1eafm b\u1eaft l\u1ecbch b\u00f3ng \u0111\u00e1 h\u00f4m nay v\u00e0 c\u00e1c s\u1ef1 ki\u1ec7n kh\u00e1c.<\/p>\n<h3>L\u1ecbch thi \u0111\u1ea5u Jun88 c\u00f3 c\u1eadp nh\u1eadt tr\u1ef1c tuy\u1ebfn kh\u00f4ng?<\/h3>\n<p>C\u00f3, l\u1ecbch thi \u0111\u1ea5u Jun88 \u0111\u01b0\u1ee3c c\u1eadp nh\u1eadt l\u1ecbch thi \u0111\u1ea5u tr\u1ef1c tuy\u1ebfn theo th\u1eddi gian th\u1ef1c. M\u1ed7i khi c\u00f3 thay \u0111\u1ed5i v\u1ec1 gi\u1edd thi \u0111\u1ea5u ho\u1eb7c k\u1ebft qu\u1ea3, h\u1ec7 th\u1ed1ng t\u1ef1 \u0111\u1ed9ng c\u1eadp nh\u1eadt ngay l\u1eadp t\u1ee9c. \u0110i\u1ec1u n\u00e0y gi\u00fap b\u1ea1n kh\u00f4ng b\u1ecf l\u1ee1 b\u1ea5t k\u1ef3 tr\u1eadn \u0111\u1ea5u n\u00e0o. B\u1ea1n c\u00f3 th\u1ec3 theo d\u00f5i \u0111\u1ea7y \u0111\u1ee7 c\u00e1c gi\u1ea3i \u0111\u1ea5u l\u1edbn nh\u1ecf tr\u00ean th\u1ebf gi\u1edbi, t\u1eeb Ngo\u1ea1i h\u1ea1ng Anh, La Liga \u0111\u1ebfn c\u00e1c gi\u1ea3i ch\u00e2u \u00c1. H\u00e3y truy c\u1eadp th\u01b0\u1eddng xuy\u00ean \u0111\u1ec3 xem th\u00f4ng tin m\u1edbi nh\u1ea5t.<\/p>\n<h3>L\u00e0m th\u1ebf n\u00e0o \u0111\u1ec3 nh\u1eadn ho\u00e0n tr\u1ea3 20%?<\/h3>\n<p>\u0110\u1ec3 nh\u1eadn ho\u00e0n tr\u1ea3 20%, b\u1ea1n c\u1ea7n l\u00e0 th\u00e0nh vi\u00ean c\u1ee7a Jun88 v\u00e0 tham gia \u0111\u1eb7t c\u01b0\u1ee3c h\u1ee3p l\u1ec7. Ch\u01b0\u01a1ng tr\u00ecnh \u00e1p d\u1ee5ng t\u1ef1 \u0111\u1ed9ng, kh\u00f4ng c\u1ea7n \u0111\u0103ng k\u00fd ri\u00eang. Sau m\u1ed7i ng\u00e0y, ho\u00e0n tr\u1ea3 \u0111\u01b0\u1ee3c t\u00ednh d\u1ef1a tr\u00ean t\u1ed5ng doanh thu c\u01b0\u1ee3c v\u00e0 c\u1ed9ng tr\u1ef1c ti\u1ebfp v\u00e0o t\u00e0i kho\u1ea3n. B\u1ea1n n\u00ean ki\u1ec3m tra ch\u00ednh s\u00e1ch khuy\u1ebfn m\u00e3i tr\u00ean website \u0111\u1ec3 n\u1eafm r\u00f5 \u0111i\u1ec1u ki\u1ec7n c\u1ee5 th\u1ec3. N\u1ebfu c\u00f3 th\u1eafc m\u1eafc, li\u00ean h\u1ec7 b\u1ed9 ph\u1eadn h\u1ed7 tr\u1ee3 \u0111\u1ec3 \u0111\u01b0\u1ee3c h\u01b0\u1edbng d\u1eabn th\u00eam.<\/p>\n<p>\u0110\u1ec3 kh\u00f4ng b\u1ecf l\u1ee1 b\u1ea5t k\u1ef3 tr\u1eadn \u0111\u1ea5u n\u00e0o, b\u1ea1n c\u00f3 th\u1ec3 theo d\u00f5i l\u1ecbch thi \u0111\u1ea5u \u0111\u01b0\u1ee3c c\u1eadp nh\u1eadt li\u00ean t\u1ee5c t\u1ea1i <a href=\"https:\/\/jun88vi.io\/lich-thi-dau\">https:\/\/jun88vi.io\/lich-thi-dau<\/a>. Truy c\u1eadp ngay \u0111\u1ec3 n\u1eafm b\u1eaft th\u00f4ng tin v\u00e0 \u0111\u01b0a ra l\u1ef1a ch\u1ecdn \u0111\u1eb7t c\u01b0\u1ee3c ph\u00f9 h\u1ee3p.<\/p>\n","protected":false},"excerpt":{"rendered":"<p>L\u1ecbch thi \u0111\u1ea5u Jun88 &#8211; C\u1eadp nh\u1eadt l\u1ecbch b\u00f3ng \u0111\u00e1 h\u00f4m nay nhanh nh\u1ea5t \u0110\u1ed1i v\u1edbi nh\u1eefng ai \u0111am m\u00ea c\u00e1 c\u01b0\u1ee3c th\u1ec3 thao, vi\u1ec7c theo d\u00f5i s\u00e1t sao l\u1ecbch thi \u0111\u1ea5u l\u00e0 y\u1ebfu t\u1ed1 kh\u00f4ng th\u1ec3 thi\u1ebfu \u0111\u1ec3 \u0111\u01b0a ra quy\u1ebft \u0111\u1ecbnh \u0111\u1eb7t c\u01b0\u1ee3c ch\u00ednh x\u00e1c. T\u1ea1i Jun88, b\u1ea1n s\u1ebd d\u1ec5 d\u00e0ng tra c\u1ee9u [&#8230;]\n","protected":false},"author":2,"featured_media":316,"parent":0,"menu_order":0,"comment_status":"closed","ping_status":"closed","template":"","meta":{"rank_math_title":"L\u1ecbch thi \u0111\u1ea5u Jun88 - C\u1eadp nh\u1eadt l\u1ecbch b\u00f3ng \u0111\u00e1 h\u00f4m nay nhanh nh\u1ea5t","rank_math_focus_keyword":"l\u1ecbch thi \u0111\u1ea5u","rank_math_description":"","footnotes":""},"class_list":["post-35","page","type-page","status-publish","has-post-thumbnail","hentry"],"_links":{"self":[{"href":"https:\/\/jun88vi.io\/index.php\/wp-json\/wp\/v2\/pages\/35","targetHints":{"allow":["GET"]}}],"collection":[{"href":"https:\/\/jun88vi.io\/index.php\/wp-json\/wp\/v2\/pages"}],"about":[{"href":"https:\/\/jun88vi.io\/index.php\/wp-json\/wp\/v2\/types\/page"}],"author":[{"embeddable":true,"href":"https:\/\/jun88vi.io\/index.php\/wp-json\/wp\/v2\/users\/2"}],"replies":[{"embeddable":true,"href":"https:\/\/jun88vi.io\/index.php\/wp-json\/wp\/v2\/comments?post=35"}],"version-history":[{"count":1,"href":"https:\/\/jun88vi.io\/index.php\/wp-json\/wp\/v2\/pages\/35\/revisions"}],"predecessor-version":[{"id":337,"href":"https:\/\/jun88vi.io\/index.php\/wp-json\/wp\/v2\/pages\/35\/revisions\/337"}],"wp:featuredmedia":[{"embeddable":true,"href":"https:\/\/jun88vi.io\/index.php\/wp-json\/wp\/v2\/media\/316"}],"wp:attachment":[{"href":"https:\/\/jun88vi.io\/index.php\/wp-json\/wp\/v2\/media?parent=35"}],"curies":[{"name":"wp","href":"https:\/\/api.w.org\/{rel}","templated":true}]}}