{"id":36,"date":"2026-05-09T19:27:14","date_gmt":"2026-05-09T19:27:14","guid":{"rendered":"https:\/\/jun88vi.io\/index.php\/bang-xep-hang\/"},"modified":"2026-05-09T19:53:37","modified_gmt":"2026-05-09T19:53:37","slug":"bang-xep-hang","status":"publish","type":"page","link":"https:\/\/jun88vi.io\/index.php\/bang-xep-hang\/","title":{"rendered":"B\u1ea3ng x\u1ebfp h\u1ea1ng"},"content":{"rendered":"<h1>B\u1ea3ng x\u1ebfp h\u1ea1ng Jun88 \u2013 C\u1eadp nh\u1eadt BXH b\u00f3ng \u0111\u00e1 v\u00e0 gi\u1ea3i \u0111\u1ea5u m\u1edbi nh\u1ea5t<\/h1>\n<p>\u0110\u1ed1i v\u1edbi nh\u1eefng ng\u01b0\u1eddi y\u00eau th\u00edch c\u00e1 c\u01b0\u1ee3c th\u1ec3 thao, vi\u1ec7c s\u1edf h\u1eefu m\u1ed9t ngu\u1ed3n th\u00f4ng tin \u0111\u00e1ng tin c\u1eady v\u1ec1 b\u1ea3ng x\u1ebfp h\u1ea1ng c\u00e1c gi\u1ea3i \u0111\u1ea5u l\u00e0 v\u00f4 c\u00f9ng quan tr\u1ecdng. B\u1ea3ng x\u1ebfp h\u1ea1ng <a href=\"https:\/\/jun88vi.io\">Jun88<\/a> cung c\u1ea5p d\u1eef li\u1ec7u ch\u00ednh x\u00e1c v\u00e0 c\u1eadp nh\u1eadt li\u00ean t\u1ee5c, gi\u00fap b\u1ea1n \u0111\u01b0a ra quy\u1ebft \u0111\u1ecbnh \u0111\u1eb7t c\u01b0\u1ee3c th\u00f4ng minh h\u01a1n. Kh\u00f4ng ch\u1ec9 v\u1eady, nh\u00e0 c\u00e1i Jun88 c\u00f2n mang \u0111\u1ebfn nhi\u1ec1u \u01b0u \u0111\u00e3i h\u1ea5p d\u1eabn nh\u01b0 ho\u00e0n tr\u1ea3 20%, \u00e1p d\u1ee5ng c\u00e1c bi\u1ec7n ph\u00e1p b\u1ea3o v\u1ec7 th\u00f4ng tin ph\u00f9 h\u1ee3p v\u00e0 h\u1ed7 tr\u1ee3 kh\u00e1ch h\u00e0ng t\u1eadn t\u00ecnh. H\u00e3y c\u00f9ng t\u00ecm hi\u1ec3u chi ti\u1ebft trong b\u00e0i vi\u1ebft d\u01b0\u1edbi \u0111\u00e2y.<\/p>\n<figure class=\"article-image\" style=\"text-align:center;margin:20px auto\">\n<img decoding=\"async\" src=\"https:\/\/jun88vi.io\/wp-content\/uploads\/2026\/05\/giao-dien-hien-dai-cua-jun88-voi-bang-xe-bang-xep-hang.webp\" alt=\"Giao di\u1ec7n hi\u1ec7n \u0111\u1ea1i c\u1ee7a Jun88 v\u1edbi b\u1ea3ng x\u1ebfp h\u1ea1ng th\u1ec3 thao tr\u1ef1c tuy\u1ebfn.\" title=\"giao-dien-hien-dai-cua-jun88-voi-bang-xep-hang-the-thao-truc-tuyen\" loading=\"lazy\" style=\"display:block;margin-left:auto;margin-right:auto;max-width:100%;height:auto\"><figcaption style=\"text-align:center\">Giao di\u1ec7n hi\u1ec7n \u0111\u1ea1i c\u1ee7a Jun88 v\u1edbi b\u1ea3ng x\u1ebfp h\u1ea1ng th\u1ec3 thao tr\u1ef1c tuy\u1ebfn.<\/figcaption><\/figure>\n<p>Jun88 cung c\u1ea5p h\u1ec7 th\u1ed1ng b\u1ea3ng x\u1ebfp h\u1ea1ng hi\u1ec7n \u0111\u1ea1i, ch\u00ednh x\u00e1c v\u00e0 c\u1eadp nh\u1eadt li\u00ean t\u1ee5c.<\/p>\n<h2>Gi\u1edbi thi\u1ec7u Jun88 l\u00e0 ai<\/h2>\n<p><p>B\u1ea1n \u0111ang t\u00ecm ki\u1ebfm m\u1ed9t \u0111\u1ecba ch\u1ec9 c\u00e1 c\u01b0\u1ee3c th\u1ec3 thao uy t\u00edn v\u1edbi b\u1ea3ng x\u1ebfp h\u1ea1ng lu\u00f4n c\u1eadp nh\u1eadt? \u0110\u00e2y l\u00e0 \u0111i\u1ec1u m\u00e0 r\u1ea5t nhi\u1ec1u ng\u01b0\u1eddi ch\u01a1i quan t\u00e2m khi mu\u1ed1n theo d\u00f5i s\u00e1t sao t\u00ecnh h\u00ecnh c\u00e1c gi\u1ea3i \u0111\u1ea5u l\u1edbn nh\u1ecf, \u0111\u1eb7c bi\u1ec7t l\u00e0 b\u00f3ng \u0111\u00e1.<\/p>\n<p><a href=\"<a href=\"https:\/\/jun88vi.io\">https:\/\/jun88vi.io<\/a>&#8220;>Jun88<\/a> l\u00e0 nh\u00e0 c\u00e1i c\u00e1 c\u01b0\u1ee3c tr\u1ef1c tuy\u1ebfn \u0111\u01b0\u1ee3c c\u1ed9ng \u0111\u1ed3ng \u0111\u00e1nh gi\u00e1 cao v\u1ec1 \u0111\u1ed9 tin c\u1eady v\u00e0 ch\u1ea5t l\u01b0\u1ee3ng d\u1ecbch v\u1ee5. V\u1edbi nhi\u1ec1u n\u0103m ho\u1ea1t \u0111\u1ed9ng tr\u00ean th\u1ecb tr\u01b0\u1eddng, <strong>Jun88<\/strong> \u0111\u00e3 x\u00e2y d\u1ef1ng \u0111\u01b0\u1ee3c danh ti\u1ebfng v\u1eefng ch\u1eafc nh\u1edd v\u00e0o vi\u1ec7c cung c\u1ea5p th\u00f4ng tin b\u1ea3ng x\u1ebfp h\u1ea1ng th\u1ec3 thao minh b\u1ea1ch, c\u1eadp nh\u1eadt li\u00ean t\u1ee5c v\u00e0 ch\u00ednh x\u00e1c.<\/p>\n<p>\u0110i\u1ec3m n\u1ed5i b\u1eadt c\u1ee7a <strong>Jun88<\/strong> l\u00e0 h\u1ec7 th\u1ed1ng <strong>b\u1ea3ng x\u1ebfp h\u1ea1ng Jun88<\/strong> \u0111a d\u1ea1ng, bao g\u1ed3m nhi\u1ec1u b\u1ed9 m\u00f4n th\u1ec3 thao nh\u01b0 b\u00f3ng \u0111\u00e1, b\u00f3ng r\u1ed5, qu\u1ea7n v\u1ee3t&#8230; C\u00e1c gi\u1ea3i \u0111\u1ea5u l\u1edbn nh\u1ecf \u0111\u1ec1u \u0111\u01b0\u1ee3c c\u1eadp nh\u1eadt th\u01b0\u1eddng xuy\u00ean, gi\u00fap ng\u01b0\u1eddi ch\u01a1i d\u1ec5 d\u00e0ng theo d\u00f5i v\u1ecb tr\u00ed, th\u00e0nh t\u00edch c\u1ee7a c\u00e1c \u0111\u1ed9i b\u00f3ng v\u00e0 v\u1eadn \u0111\u1ed9ng vi\u00ean y\u00eau th\u00edch. Nh\u1edd \u0111\u00f3, ng\u01b0\u1eddi d\u00f9ng c\u00f3 th\u1ec3 \u0111\u01b0a ra quy\u1ebft \u0111\u1ecbnh c\u00e1 c\u01b0\u1ee3c h\u1ee3p l\u00fd d\u1ef1a tr\u00ean d\u1eef li\u1ec7u th\u1ef1c t\u1ebf v\u00e0 m\u1edbi nh\u1ea5t.<\/p>\n<p>Ch\u1ecdn <strong>Jun88<\/strong> \u0111\u1ed3ng ngh\u0129a v\u1edbi vi\u1ec7c b\u1ea1n lu\u00f4n n\u1eafm b\u1eaft \u0111\u01b0\u1ee3c th\u00f4ng tin chu\u1ea9n x\u00e1c v\u1ec1 <strong>BXH b\u00f3ng \u0111\u00e1<\/strong> v\u00e0 c\u00e1c <strong>b\u1ea3ng x\u1ebfp h\u1ea1ng gi\u1ea3i \u0111\u1ea5u<\/strong> kh\u00e1c, h\u1ed7 tr\u1ee3 t\u1ed1i \u0111a cho tr\u1ea3i nghi\u1ec7m c\u00e1 c\u01b0\u1ee3c th\u1ec3 thao an to\u00e0n v\u00e0 hi\u1ec7u qu\u1ea3.<\/p>\n<\/p>\n<h2>S\u1ea3n ph\u1ea9m n\u1ed5i b\u1eadt c\u1ee7a Jun88<\/h2>\n<p>Jun88 mang \u0111\u1ebfn cho ng\u01b0\u1eddi ch\u01a1i m\u1ed9t h\u1ec7 th\u1ed1ng c\u00e1 c\u01b0\u1ee3c th\u1ec3 thao phong ph\u00fa, bao g\u1ed3m c\u00e1c b\u1ed9 m\u00f4n ph\u1ed5 bi\u1ebfn nh\u01b0 b\u00f3ng \u0111\u00e1, tennis, b\u00f3ng r\u1ed5, b\u00f3ng ch\u00e0y v\u00e0 nhi\u1ec1u m\u00f4n kh\u00e1c. M\u1ed7i m\u00f4n \u0111\u1ec1u c\u00f3 b\u1ea3ng x\u1ebfp h\u1ea1ng chi ti\u1ebft, gi\u00fap b\u1ea1n theo d\u00f5i th\u1ee9 h\u1ea1ng c\u1ee7a c\u00e1c \u0111\u1ed9i tuy\u1ec3n v\u00e0 v\u1eadn \u0111\u1ed9ng vi\u00ean m\u1ed9t c\u00e1ch d\u1ec5 d\u00e0ng.<\/p>\n<p>a. C\u00e1 c\u01b0\u1ee3c th\u1ec3 thao \u0111a d\u1ea1ng: V\u1edbi h\u01a1n 30 b\u1ed9 m\u00f4n th\u1ec3 thao, t\u1eeb c\u00e1c gi\u1ea3i b\u00f3ng \u0111\u00e1 h\u00e0ng \u0111\u1ea7u nh\u01b0 Premier League, La Liga, Serie A \u0111\u1ebfn c\u00e1c gi\u1ea3i tennis ATP, WTA, hay NBA, MLB\u2026 Jun88 \u0111\u00e1p \u1ee9ng m\u1ecdi nhu c\u1ea7u gi\u1ea3i tr\u00ed c\u1ee7a ng\u01b0\u1eddi y\u00eau th\u1ec3 thao. Ng\u01b0\u1eddi ch\u01a1i c\u00f3 th\u1ec3 l\u1ef1a ch\u1ecdn \u0111\u1eb7t c\u01b0\u1ee3c theo k\u00e8o ch\u00e2u \u00c1, ch\u00e2u \u00c2u, t\u00e0i x\u1ec9u, hay nhi\u1ec1u lo\u1ea1i k\u00e8o ph\u1ee5 h\u1ea5p d\u1eabn kh\u00e1c.<\/p>\n<p>b. BXH b\u00f3ng \u0111\u00e1 v\u00e0 b\u1ea3ng x\u1ebfp h\u1ea1ng gi\u1ea3i \u0111\u1ea5u chi ti\u1ebft: H\u1ec7 th\u1ed1ng cung c\u1ea5p b\u1ea3ng x\u1ebfp h\u1ea1ng c\u1ee7a h\u1ea7u h\u1ebft c\u00e1c gi\u1ea3i \u0111\u1ea5u tr\u00ean th\u1ebf gi\u1edbi, c\u1ea3 trong n\u01b0\u1edbc l\u1eabn qu\u1ed1c t\u1ebf, \u0111\u01b0\u1ee3c c\u1eadp nh\u1eadt theo th\u1eddi gian th\u1ef1c. Ng\u01b0\u1eddi ch\u01a1i c\u00f3 th\u1ec3 xem th\u1ee9 h\u1ea1ng, s\u1ed1 tr\u1eadn \u0111\u00e3 \u0111\u1ea5u, hi\u1ec7u s\u1ed1 b\u00e0n th\u1eafng b\u1ea1i, \u0111i\u1ec3m s\u1ed1\u2026 c\u1ee7a t\u1eebng \u0111\u1ed9i, ph\u1ee5c v\u1ee5 cho vi\u1ec7c ph\u00e2n t\u00edch v\u00e0 \u0111\u1eb7t c\u01b0\u1ee3c hi\u1ec7u qu\u1ea3. \u0110\u1eb7c bi\u1ec7t, d\u1eef li\u1ec7u lu\u00f4n \u0111\u01b0\u1ee3c ki\u1ec3m tra \u0111\u1ed9 ch\u00ednh x\u00e1c tr\u01b0\u1edbc khi hi\u1ec3n th\u1ecb.<\/p>\n<p>c. T\u00ednh n\u0103ng l\u1ecdc v\u00e0 t\u00ecm ki\u1ebfm nhanh: Giao di\u1ec7n tr\u1ef1c quan cho ph\u00e9p l\u1ecdc theo gi\u1ea3i \u0111\u1ea5u, m\u00f9a gi\u1ea3i, ho\u1eb7c t\u00ecm ki\u1ebfm t\u00ean \u0111\u1ed9i b\u00f3ng c\u1ee5 th\u1ec3. Ch\u1ec9 v\u1edbi v\u00e0i thao t\u00e1c, b\u1ea1n \u0111\u00e3 c\u00f3 ngay th\u00f4ng tin mong mu\u1ed1n m\u00e0 kh\u00f4ng m\u1ea5t nhi\u1ec1u th\u1eddi gian. T\u00ednh n\u0103ng n\u00e0y \u0111\u1eb7c bi\u1ec7t h\u1eefu \u00edch khi b\u1ea1n mu\u1ed1n tra c\u1ee9u nhanh b\u1ea3ng x\u1ebfp h\u1ea1ng gi\u1ea3i \u0111\u1ea5u y\u00eau th\u00edch.<\/p>\n<p>Nh\u1edd s\u1ef1 \u0111\u1ea7u t\u01b0 v\u1ec1 c\u00f4ng ngh\u1ec7, Jun88 lu\u00f4n \u0111\u1ea3m b\u1ea3o d\u1eef li\u1ec7u b\u1ea3ng x\u1ebfp h\u1ea1ng \u0111\u01b0\u1ee3c hi\u1ec3n th\u1ecb ch\u00ednh x\u00e1c v\u00e0 nhanh ch\u00f3ng, gi\u00fap ng\u01b0\u1eddi ch\u01a1i \u0111\u01b0a ra quy\u1ebft \u0111\u1ecbnh s\u00e1ng su\u1ed1t. \u0110\u00e2y l\u00e0 n\u1ec1n t\u1ea3ng l\u00fd t\u01b0\u1edfng cho nh\u1eefng ai \u0111am m\u00ea c\u00e1 c\u01b0\u1ee3c th\u1ec3 thao v\u00e0 mu\u1ed1n ti\u1ebfp c\u1eadn th\u00f4ng tin m\u1ed9t c\u00e1ch chuy\u00ean nghi\u1ec7p.<\/p>\n<h2>L\u1ee3i \u00edch khi ch\u01a1i Jun88<\/h2>\n<figure class=\"article-image\" style=\"text-align:center;margin:20px auto\">\n<img decoding=\"async\" src=\"https:\/\/jun88vi.io\/wp-content\/uploads\/2026\/05\/giao-dien-hien-dai-cua-jun88-voi-bang-xe-bang-xep-hang-1.webp\" alt=\"Giao di\u1ec7n hi\u1ec7n \u0111\u1ea1i c\u1ee7a Jun88 v\u1edbi b\u1ea3ng x\u1ebfp h\u1ea1ng th\u1ec3 thao tr\u1ef1c tuy\u1ebfn.\" title=\"giao-dien-hien-dai-cua-jun88-voi-bang-xep-hang-the-thao-truc-tuyen\" loading=\"lazy\" style=\"display:block;margin-left:auto;margin-right:auto;max-width:100%;height:auto\"><figcaption style=\"text-align:center\">Giao di\u1ec7n hi\u1ec7n \u0111\u1ea1i c\u1ee7a Jun88 v\u1edbi b\u1ea3ng x\u1ebfp h\u1ea1ng th\u1ec3 thao tr\u1ef1c tuy\u1ebfn.<\/figcaption><\/figure>\n<p>Jun88 cung c\u1ea5p h\u1ec7 th\u1ed1ng b\u1ea3ng x\u1ebfp h\u1ea1ng hi\u1ec7n \u0111\u1ea1i, ch\u00ednh x\u00e1c v\u00e0 c\u1eadp nh\u1eadt li\u00ean t\u1ee5c.<\/p>\n<p>Khi l\u1ef1a ch\u1ecdn tr\u1ea3i nghi\u1ec7m t\u1ea1i Jun88, ng\u01b0\u1eddi ch\u01a1i s\u1ebd nh\u1eadn \u0111\u01b0\u1ee3c nhi\u1ec1u l\u1ee3i \u00edch thi\u1ebft th\u1ef1c, gi\u00fap qu\u00e1 tr\u00ecnh c\u00e1 c\u01b0\u1ee3c th\u1ec3 thao tr\u1edf n\u00ean th\u00fa v\u1ecb v\u00e0 thu\u1eadn ti\u1ec7n h\u01a1n.<\/p>\n<p>1. T\u1ec9 l\u1ec7 c\u01b0\u1ee3c c\u1ea1nh tranh, nhi\u1ec1u khuy\u1ebfn m\u00e3i h\u1ea5p d\u1eabn T\u1ea1i Jun88, ng\u01b0\u1eddi ch\u01a1i lu\u00f4n \u0111\u01b0\u1ee3c ti\u1ebfp c\u1eadn m\u1ee9c t\u1ec9 l\u1ec7 c\u01b0\u1ee3c thu\u1ed9c h\u00e0ng c\u1ea1nh tranh tr\u00ean th\u1ecb tr\u01b0\u1eddng. Ngo\u00e0i ra, nh\u00e0 c\u00e1i th\u01b0\u1eddng xuy\u00ean tri\u1ec3n khai c\u00e1c ch\u01b0\u01a1ng tr\u00ecnh khuy\u1ebfn m\u00e3i \u0111a d\u1ea1ng nh\u01b0 th\u01b0\u1edfng n\u1ea1p \u0111\u1ea7u, ho\u00e0n tr\u1ea3, hay \u01b0u \u0111\u00e3i cho th\u00e0nh vi\u00ean m\u1edbi. \u0110i\u1ec1u n\u00e0y gi\u00fap t\u0103ng c\u01a1 h\u1ed9i nh\u1eadn th\u01b0\u1edfng v\u00e0 t\u1ed1i \u01b0u h\u00f3a l\u1ee3i nhu\u1eadn cho ng\u01b0\u1eddi tham gia.<\/p>\n<p>2. H\u1ed7 tr\u1ee3 kh\u00e1ch h\u00e0ng trong khung gi\u1edd h\u1ed7 tr\u1ee3 \u0111\u01b0\u1ee3c c\u00f4ng b\u1ed1 \u0110\u1ed9i ng\u0169 ch\u0103m s\u00f3c kh\u00e1ch h\u00e0ng c\u1ee7a Jun88 ho\u1ea1t \u0111\u1ed9ng li\u00ean t\u1ee5c, s\u1eb5n s\u00e0ng gi\u1ea3i \u0111\u00e1p m\u1ecdi th\u1eafc m\u1eafc v\u00e0 x\u1eed l\u00fd c\u00e1c v\u1ea5n \u0111\u1ec1 ph\u00e1t sinh b\u1ea5t c\u1ee9 l\u00fac n\u00e0o. Ng\u01b0\u1eddi ch\u01a1i c\u00f3 th\u1ec3 li\u00ean h\u1ec7 qua nhi\u1ec1u k\u00eanh kh\u00e1c nhau, \u0111\u1ea3m b\u1ea3o m\u1ecdi tr\u1ea3i nghi\u1ec7m \u0111\u1ec1u \u0111\u01b0\u1ee3c h\u1ed7 tr\u1ee3 k\u1ecbp th\u1eddi v\u00e0 chuy\u00ean nghi\u1ec7p.<\/p>\n<p>3. Giao di\u1ec7n th\u00e2n thi\u1ec7n, d\u1ec5 s\u1eed d\u1ee5ng Website Jun88 \u0111\u01b0\u1ee3c thi\u1ebft k\u1ebf t\u1ed1i \u01b0u cho c\u1ea3 ng\u01b0\u1eddi m\u1edbi l\u1eabn ng\u01b0\u1eddi ch\u01a1i l\u00e2u n\u0103m. Giao di\u1ec7n tr\u1ef1c quan, thao t\u00e1c \u0111\u1eb7t c\u01b0\u1ee3c, xem b\u1ea3ng x\u1ebfp h\u1ea1ng Jun88 hay tra c\u1ee9u BXH b\u00f3ng \u0111\u00e1 \u0111\u1ec1u d\u1ec5 d\u00e0ng ch\u1ec9 v\u1edbi v\u00e0i b\u01b0\u1edbc. \u0110i\u1ec1u n\u00e0y gi\u00fap ti\u1ebft ki\u1ec7m th\u1eddi gian v\u00e0 mang l\u1ea1i tr\u1ea3i nghi\u1ec7m m\u01b0\u1ee3t m\u00e0 cho ng\u01b0\u1eddi d\u00f9ng.<\/p>\n<p>Ch\u00ednh nh\u1edd nh\u1eefng l\u1ee3i \u00edch n\u00e0y, Jun88 ng\u00e0y c\u00e0ng \u0111\u01b0\u1ee3c \u0111\u00f4ng \u0111\u1ea3o ng\u01b0\u1eddi ch\u01a1i \u0111\u00e1nh gi\u00e1 cao v\u00e0 l\u1ef1a ch\u1ecdn l\u00e0 \u0111i\u1ec3m \u0111\u1ebfn uy t\u00edn cho m\u1ecdi nhu c\u1ea7u c\u00e1 c\u01b0\u1ee3c th\u1ec3 thao.<\/p>\n<h2>Ch\u0103m s\u00f3c kh\u00e1ch h\u00e0ng<\/h2>\n<p>Jun88 t\u1ef1 h\u00e0o s\u1edf h\u1eefu \u0111\u1ed9i ng\u0169 ch\u0103m s\u00f3c kh\u00e1ch h\u00e0ng chuy\u00ean nghi\u1ec7p, lu\u00f4n s\u1eb5n s\u00e0ng h\u1ed7 tr\u1ee3 ng\u01b0\u1eddi ch\u01a1i m\u1ecdi l\u00fac. C\u00e1c k\u00eanh li\u00ean l\u1ea1c \u0111a d\u1ea1ng gi\u00fap b\u1ea1n d\u1ec5 d\u00e0ng k\u1ebft n\u1ed1i khi c\u1ea7n:<\/p>\n<ol>\n<li>Live Chat tr\u1ef1c tuy\u1ebfn: Ph\u1ea3n h\u1ed3i ngay l\u1eadp t\u1ee9c trong v\u00e0i ph\u00fat, ph\u00f9 h\u1ee3p v\u1edbi c\u00e1c th\u1eafc m\u1eafc nhanh.<\/li>\n<li>Email: G\u1eedi y\u00eau c\u1ea7u chi ti\u1ebft v\u00e0 nh\u1eadn ph\u1ea3n h\u1ed3i trong khung gi\u1edd l\u00e0m vi\u1ec7c, th\u01b0\u1eddng trong v\u00f2ng 24 gi\u1edd.<\/li>\n<li>\u0110i\u1ec7n tho\u1ea1i: \u0110\u01b0\u1eddng d\u00e2y n\u00f3ng ho\u1ea1t \u0111\u1ed9ng li\u00ean t\u1ee5c, \u0111\u1ea3m b\u1ea3o gi\u1ea3i quy\u1ebft v\u1ea5n \u0111\u1ec1 hi\u1ec7u qu\u1ea3.<\/li>\n<\/ol>\n<p>Nh\u1edd quy tr\u00ecnh x\u1eed l\u00fd b\u00e0i b\u1ea3n, m\u1ecdi khi\u1ebfu n\u1ea1i hay c\u00e2u h\u1ecfi c\u1ee7a th\u00e0nh vi\u00ean \u0111\u1ec1u \u0111\u01b0\u1ee3c ti\u1ebfp nh\u1eadn v\u00e0 gi\u1ea3i \u0111\u00e1p nhanh ch\u00f3ng, th\u1ec3 hi\u1ec7n s\u1ef1 t\u1eadn t\u00e2m m\u00e0 Jun88 d\u00e0nh cho c\u1ed9ng \u0111\u1ed3ng ng\u01b0\u1eddi ch\u01a1i.<\/p>\n<h2>Jun88 b\u1ea3o m\u1eadt<\/h2>\n<figure class=\"article-image\" style=\"text-align:center;margin:20px auto\">\n<img decoding=\"async\" src=\"https:\/\/jun88vi.io\/wp-content\/uploads\/2026\/05\/cac-giai-dau-the-thao-da-dang-tren-bang-bang-xep-hang.webp\" alt=\"C\u00e1c gi\u1ea3i \u0111\u1ea5u th\u1ec3 thao \u0111a d\u1ea1ng tr\u00ean b\u1ea3ng x\u1ebfp h\u1ea1ng Jun88.\" title=\"cac-giai-dau-the-thao-da-dang-tren-bang-xep-hang-jun88\" loading=\"lazy\" style=\"display:block;margin-left:auto;margin-right:auto;max-width:100%;height:auto\"><figcaption style=\"text-align:center\">C\u00e1c gi\u1ea3i \u0111\u1ea5u th\u1ec3 thao \u0111a d\u1ea1ng tr\u00ean b\u1ea3ng x\u1ebfp h\u1ea1ng Jun88.<\/figcaption><\/figure>\n<p>T\u1eeb Premier League \u0111\u1ebfn V-League, Jun88 c\u1eadp nh\u1eadt BXH c\u1ee7a m\u1ecdi gi\u1ea3i \u0111\u1ea5u l\u1edbn nh\u1ecf.<\/p>\n<p>Jun88 l\u00e0 nh\u00e0 c\u00e1i ch\u00fa tr\u1ecdng \u0111\u1ebfn v\u1ea5n \u0111\u1ec1 b\u1ea3o m\u1eadt th\u00f4ng tin. H\u1ec7 th\u1ed1ng s\u1eed d\u1ee5ng c\u00f4ng ngh\u1ec7 \u00e1p d\u1ee5ng c\u00e1c bi\u1ec7n ph\u00e1p b\u1ea3o v\u1ec7 th\u00f4ng tin ph\u00f9 h\u1ee3p 128-bit, m\u1ed9t ti\u00eau chu\u1ea9n b\u1ea3o m\u1eadt ph\u1ed5 bi\u1ebfn trong ng\u00e0nh t\u00e0i ch\u00ednh tr\u1ef1c tuy\u1ebfn, gi\u00fap m\u00e3 h\u00f3a to\u00e0n b\u1ed9 d\u1eef li\u1ec7u ng\u01b0\u1eddi ch\u01a1i t\u1eeb l\u00fac \u0111\u0103ng nh\u1eadp \u0111\u1ebfn khi th\u1ef1c hi\u1ec7n giao d\u1ecbch. Nh\u1edd \u0111\u00f3, th\u00f4ng tin c\u00e1 nh\u00e2n nh\u01b0 t\u00ean, s\u1ed1 \u0111i\u1ec7n tho\u1ea1i, \u0111\u1ecba ch\u1ec9 email v\u00e0 d\u1eef li\u1ec7u t\u00e0i kho\u1ea3n \u0111\u01b0\u1ee3c b\u1ea3o v\u1ec7 an to\u00e0n. B\u00ean c\u1ea1nh \u0111\u00f3, Jun88 cam k\u1ebft kh\u00f4ng chia s\u1ebb th\u00f4ng tin kh\u00e1ch h\u00e0ng cho b\u00ean th\u1ee9 ba khi ch\u01b0a c\u00f3 s\u1ef1 \u0111\u1ed3ng \u00fd, theo \u0111\u00fang ch\u00ednh s\u00e1ch b\u1ea3o m\u1eadt \u0111\u01b0\u1ee3c ni\u00eam y\u1ebft tr\u00ean trang ch\u1ee7. Theo th\u00f4ng tin \u0111\u01b0\u1ee3c c\u00f4ng b\u1ed1, nh\u00e0 c\u00e1i li\u00ean t\u1ee5c n\u00e2ng c\u1ea5p h\u1ec7 th\u1ed1ng b\u1ea3o m\u1eadt nh\u1eb1m ng\u0103n ch\u1eb7n c\u00e1c truy c\u1eadp tr\u00e1i ph\u00e9p. Ng\u01b0\u1eddi ch\u01a1i n\u00ean ki\u1ec3m tra ch\u00ednh s\u00e1ch b\u1ea3o m\u1eadt v\u00e0 c\u1eadp nh\u1eadt th\u01b0\u1eddng xuy\u00ean \u0111\u1ec3 n\u1eafm r\u00f5 quy\u1ec1n l\u1ee3i c\u1ee7a m\u00ecnh. \u0110\u1ed3ng th\u1eddi, vi\u1ec7c t\u1ef1 b\u1ea3o v\u1ec7 t\u00e0i kho\u1ea3n b\u1eb1ng m\u1eadt kh\u1ea9u m\u1ea1nh v\u00e0 kh\u00f4ng chia s\u1ebb th\u00f4ng tin \u0111\u0103ng nh\u1eadp c\u0169ng r\u1ea5t quan tr\u1ecdng. Li\u00ean h\u1ec7 b\u1ed9 ph\u1eadn h\u1ed7 tr\u1ee3 n\u1ebfu c\u00f3 th\u1eafc m\u1eafc v\u1ec1 b\u1ea3o m\u1eadt.<\/p>\n<h2>Ho\u00e0n tr\u1ea3 20%<\/h2>\n<p><strong>Jun88<\/strong> mang \u0111\u1ebfn ch\u01b0\u01a1ng tr\u00ecnh <strong>ho\u00e0n tr\u1ea3 20%<\/strong> h\u00e0ng tu\u1ea7n d\u00e0nh cho t\u1ea5t c\u1ea3 th\u00e0nh vi\u00ean tham gia c\u00e1 c\u01b0\u1ee3c th\u1ec3 thao. \u0110\u00e2y l\u00e0 \u01b0u \u0111\u00e3i \u0111\u1eb7c bi\u1ec7t gi\u00fap b\u1ea1n nh\u1eadn l\u1ea1i m\u1ed9t ph\u1ea7n ti\u1ec1n c\u01b0\u1ee3c, b\u1ea5t k\u1ec3 th\u1eafng thua.<\/p>\n<p>C\u00e1c \u0111i\u1ec3m n\u1ed5i b\u1eadt c\u1ee7a ch\u01b0\u01a1ng tr\u00ecnh:<\/p>\n<ol>\n<li>\u00c1p d\u1ee5ng cho m\u1ecdi th\u00e0nh vi\u00ean, kh\u00f4ng y\u00eau c\u1ea7u \u0111i\u1ec1u ki\u1ec7n ph\u1ee9c t\u1ea1p.<\/li>\n<li>Kh\u00f4ng gi\u1edbi h\u1ea1n s\u1ed1 ti\u1ec1n ho\u00e0n tr\u1ea3 t\u1ed1i \u0111a \u2013 b\u1ea1n c\u00e0ng ch\u01a1i nhi\u1ec1u, c\u00e0ng nh\u1eadn nhi\u1ec1u.<\/li>\n<li>Ho\u00e0n tr\u1ea3 \u0111\u01b0\u1ee3c c\u1eadp nh\u1eadt t\u1ef1 \u0111\u1ed9ng v\u00e0o t\u00e0i kho\u1ea3n m\u1ed7i tu\u1ea7n.<\/li>\n<\/ol>\n<p>H\u00e3y tham gia ngay h\u00f4m nay \u0111\u1ec3 t\u1eadn h\u01b0\u1edfng \u01b0u \u0111\u00e3i h\u1ea5p d\u1eabn n\u00e0y. \u0110\u0103ng k\u00fd t\u00e0i kho\u1ea3n t\u1ea1i <a href=\"https:\/\/jun88vi.io\">Jun 88<\/a> v\u00e0 b\u1eaft \u0111\u1ea7u tr\u1ea3i nghi\u1ec7m c\u00e1 c\u01b0\u1ee3c th\u1ec3 thao \u0111\u1ec9nh cao!<\/p>\n<h2>C\u00e2u h\u1ecfi th\u01b0\u1eddng g\u1eb7p<\/h2>\n<figure class=\"article-image\" style=\"text-align:center;margin:20px auto\">\n<img decoding=\"async\" src=\"https:\/\/jun88vi.io\/wp-content\/uploads\/2026\/05\/chuong-trinh-hoan-tra-20-tai-jun88-bang-xep-hang.webp\" alt=\"Ch\u01b0\u01a1ng tr\u00ecnh ho\u00e0n tr\u1ea3 20% t\u1ea1i Jun88.\" title=\"chuong-trinh-hoan-tra-20-tai-jun88\" loading=\"lazy\" style=\"display:block;margin-left:auto;margin-right:auto;max-width:100%;height:auto\"><figcaption style=\"text-align:center\">Ch\u01b0\u01a1ng tr\u00ecnh ho\u00e0n tr\u1ea3 20% t\u1ea1i Jun88.<\/figcaption><\/figure>\n<p>Nh\u1eadn ho\u00e0n tr\u1ea3 20% h\u00e0ng tu\u1ea7n khi tham gia c\u00e1 c\u01b0\u1ee3c th\u1ec3 thao t\u1ea1i Jun88.<\/p>\n<ol>\n<li>L\u00e0m th\u1ebf n\u00e0o \u0111\u1ec3 xem b\u1ea3ng x\u1ebfp h\u1ea1ng Jun88? B\u1ea1n ch\u1ec9 c\u1ea7n truy c\u1eadp v\u00e0o m\u1ee5c B\u1ea3ng x\u1ebfp h\u1ea1ng tr\u00ean trang ch\u1ee7, h\u1ec7 th\u1ed1ng s\u1ebd hi\u1ec3n th\u1ecb \u0111\u1ea7y \u0111\u1ee7 BXH b\u00f3ng \u0111\u00e1 v\u00e0 c\u00e1c gi\u1ea3i \u0111\u1ea5u kh\u00e1c.<\/li>\n<li>B\u1ea3ng x\u1ebfp h\u1ea1ng c\u00f3 c\u1eadp nh\u1eadt th\u01b0\u1eddng xuy\u00ean kh\u00f4ng? D\u1eef li\u1ec7u \u0111\u01b0\u1ee3c c\u1eadp nh\u1eadt theo th\u1eddi gian th\u1ef1c, \u0111\u1ea3m b\u1ea3o b\u1ea1n lu\u00f4n c\u00f3 th\u00f4ng tin m\u1edbi nh\u1ea5t v\u1ec1 b\u1ea3ng x\u1ebfp h\u1ea1ng gi\u1ea3i \u0111\u1ea5u.<\/li>\n<li>T\u00f4i c\u00f3 th\u1ec3 xem b\u1ea3ng x\u1ebfp h\u1ea1ng c\u1ee7a nh\u1eefng gi\u1ea3i \u0111\u1ea5u n\u00e0o? H\u1ec7 th\u1ed1ng h\u1ed7 tr\u1ee3 nhi\u1ec1u gi\u1ea3i \u0111\u1ea5u l\u1edbn nh\u1ecf, t\u1eeb Ngo\u1ea1i h\u1ea1ng Anh, La Liga \u0111\u1ebfn c\u00e1c gi\u1ea3i trong n\u01b0\u1edbc.<\/li>\n<\/ol>\n<p>K\u1ebft l\u1ea1i, b\u1ea3ng x\u1ebfp h\u1ea1ng jun88 n\u00ean \u0111\u01b0\u1ee3c xem x\u00e9t d\u1ef1a tr\u00ean nhu c\u1ea7u th\u1ef1c t\u1ebf, \u0111i\u1ec1u ki\u1ec7n \u00e1p d\u1ee5ng v\u00e0 ngu\u1ed3n th\u00f4ng tin ch\u00ednh th\u1ee9c. C\u00e1ch ti\u1ebfp c\u1eadn th\u1eadn tr\u1ecdng gi\u00fap ng\u01b0\u1eddi \u0111\u1ecdc hi\u1ec3u r\u00f5 gi\u1edbi h\u1ea1n, ch\u1ecdn b\u01b0\u1edbc ti\u1ebfp theo ph\u00f9 h\u1ee3p v\u00e0 tr\u00e1nh ph\u1ee5 thu\u1ed9c v\u00e0o c\u00e1c nh\u1eadn \u0111\u1ecbnh ch\u01b0a \u0111\u01b0\u1ee3c ki\u1ec3m ch\u1ee9ng.<\/p>\n<h2>C\u00e2u h\u1ecfi th\u01b0\u1eddng g\u1eb7p<\/h2>\n<h3>L\u00e0m th\u1ebf n\u00e0o \u0111\u1ec3 xem b\u1ea3ng x\u1ebfp h\u1ea1ng Jun88?<\/h3>\n<p>\u0110\u1ec3 xem b\u1ea3ng x\u1ebfp h\u1ea1ng Jun88, b\u1ea1n truy c\u1eadp trang ch\u1ee7 Jun88 v\u00e0 ch\u1ecdn m\u1ee5c &#8220;B\u1ea3ng x\u1ebfp h\u1ea1ng&#8221;. T\u1ea1i \u0111\u00e2y, b\u1ea1n c\u00f3 th\u1ec3 l\u1ecdc theo gi\u1ea3i \u0111\u1ea5u y\u00eau th\u00edch \u0111\u1ec3 theo d\u00f5i th\u1ee9 h\u1ea1ng c\u00e1c \u0111\u1ed9i b\u00f3ng. H\u1ec7 th\u1ed1ng c\u1eadp nh\u1eadt d\u1eef li\u1ec7u li\u00ean t\u1ee5c sau m\u1ed7i tr\u1eadn \u0111\u1ea5u, \u0111\u1ea3m b\u1ea3o th\u00f4ng tin ch\u00ednh x\u00e1c v\u00e0 k\u1ecbp th\u1eddi.<\/p>\n<h3>Jun88 c\u00f3 c\u1eadp nh\u1eadt BXH b\u00f3ng \u0111\u00e1 th\u01b0\u1eddng xuy\u00ean kh\u00f4ng?<\/h3>\n<p>C\u00f3, Jun88 c\u1eadp nh\u1eadt BXH b\u00f3ng \u0111\u00e1 ngay sau khi tr\u1eadn \u0111\u1ea5u k\u1ebft th\u00fac. D\u1eef li\u1ec7u \u0111\u01b0\u1ee3c \u0111\u1ed3ng b\u1ed9 t\u1eeb c\u00e1c ngu\u1ed3n uy t\u00edn, gi\u00fap ng\u01b0\u1eddi ch\u01a1i n\u1eafm b\u1eaft th\u1ee9 h\u1ea1ng m\u1edbi nh\u1ea5t m\u1ed9t c\u00e1ch nhanh ch\u00f3ng. B\u1ea1n c\u00f3 th\u1ec3 xem l\u1ea1i l\u1ecbch s\u1eed thay \u0111\u1ed5i th\u1ee9 h\u1ea1ng qua c\u00e1c v\u00f2ng \u0111\u1ea5u.<\/p>\n<h3>T\u00f4i c\u00f3 th\u1ec3 xem b\u1ea3ng x\u1ebfp h\u1ea1ng gi\u1ea3i \u0111\u1ea5u n\u00e0o t\u1ea1i Jun88?<\/h3>\n<p>T\u1ea1i Jun 88, b\u1ea1n c\u00f3 th\u1ec3 xem b\u1ea3ng x\u1ebfp h\u1ea1ng gi\u1ea3i \u0111\u1ea5u t\u1eeb Ngo\u1ea1i h\u1ea1ng Anh, La Liga, Serie A, Bundesliga, Ligue 1 \u0111\u1ebfn c\u00e1c gi\u1ea3i ch\u00e2u \u00c1 nh\u01b0 V-League. H\u1ec7 th\u1ed1ng bao ph\u1ee7 h\u1ea7u h\u1ebft c\u00e1c gi\u1ea3i \u0111\u1ea5u l\u1edbn nh\u1ecf tr\u00ean th\u1ebf gi\u1edbi, \u0111\u00e1p \u1ee9ng nhu c\u1ea7u tra c\u1ee9u c\u1ee7a ng\u01b0\u1eddi h\u00e2m m\u1ed9.<\/p>\n<p>\u0110\u1ec3 kh\u00f4ng b\u1ecf l\u1ee1 b\u1ea5t k\u1ef3 th\u00f4ng tin n\u00e0o v\u1ec1 th\u1ee9 h\u1ea1ng c\u00e1c gi\u1ea3i \u0111\u1ea5u, b\u1ea1n h\u00e3y truy c\u1eadp <a href=\"https:\/\/jun88vi.io\/bang-xep-hang\">https:\/\/jun88vi.io\/bang-xep-hang<\/a> ngay h\u00f4m nay. T\u1ea1i \u0111\u00e2y, b\u1ea1n s\u1ebd \u0111\u01b0\u1ee3c c\u1eadp nh\u1eadt li\u00ean t\u1ee5c v\u00e0 ch\u00ednh x\u00e1c nh\u1ea5t.<\/p>\n","protected":false},"excerpt":{"rendered":"<p>B\u1ea3ng x\u1ebfp h\u1ea1ng Jun88 \u2013 C\u1eadp nh\u1eadt BXH b\u00f3ng \u0111\u00e1 v\u00e0 gi\u1ea3i \u0111\u1ea5u m\u1edbi nh\u1ea5t \u0110\u1ed1i v\u1edbi nh\u1eefng ng\u01b0\u1eddi y\u00eau th\u00edch c\u00e1 c\u01b0\u1ee3c th\u1ec3 thao, vi\u1ec7c s\u1edf h\u1eefu m\u1ed9t ngu\u1ed3n th\u00f4ng tin \u0111\u00e1ng tin c\u1eady v\u1ec1 b\u1ea3ng x\u1ebfp h\u1ea1ng c\u00e1c gi\u1ea3i \u0111\u1ea5u l\u00e0 v\u00f4 c\u00f9ng quan tr\u1ecdng. B\u1ea3ng x\u1ebfp h\u1ea1ng Jun88 cung c\u1ea5p d\u1eef li\u1ec7u [&#8230;]\n","protected":false},"author":2,"featured_media":317,"parent":0,"menu_order":0,"comment_status":"closed","ping_status":"closed","template":"","meta":{"rank_math_title":"B\u1ea3ng x\u1ebfp h\u1ea1ng Jun88 \u2013 C\u1eadp nh\u1eadt BXH b\u00f3ng \u0111\u00e1 v\u00e0 gi\u1ea3i \u0111\u1ea5u m\u1edbi nh\u1ea5t","rank_math_focus_keyword":"b\u1ea3ng x\u1ebfp h\u1ea1ng","rank_math_description":"","footnotes":""},"class_list":["post-36","page","type-page","status-publish","has-post-thumbnail","hentry"],"_links":{"self":[{"href":"https:\/\/jun88vi.io\/index.php\/wp-json\/wp\/v2\/pages\/36","targetHints":{"allow":["GET"]}}],"collection":[{"href":"https:\/\/jun88vi.io\/index.php\/wp-json\/wp\/v2\/pages"}],"about":[{"href":"https:\/\/jun88vi.io\/index.php\/wp-json\/wp\/v2\/types\/page"}],"author":[{"embeddable":true,"href":"https:\/\/jun88vi.io\/index.php\/wp-json\/wp\/v2\/users\/2"}],"replies":[{"embeddable":true,"href":"https:\/\/jun88vi.io\/index.php\/wp-json\/wp\/v2\/comments?post=36"}],"version-history":[{"count":1,"href":"https:\/\/jun88vi.io\/index.php\/wp-json\/wp\/v2\/pages\/36\/revisions"}],"predecessor-version":[{"id":338,"href":"https:\/\/jun88vi.io\/index.php\/wp-json\/wp\/v2\/pages\/36\/revisions\/338"}],"wp:featuredmedia":[{"embeddable":true,"href":"https:\/\/jun88vi.io\/index.php\/wp-json\/wp\/v2\/media\/317"}],"wp:attachment":[{"href":"https:\/\/jun88vi.io\/index.php\/wp-json\/wp\/v2\/media?parent=36"}],"curies":[{"name":"wp","href":"https:\/\/api.w.org\/{rel}","templated":true}]}}